{"id":344567,"date":"2026-02-11T14:40:00","date_gmt":"2026-02-11T17:40:00","guid":{"rendered":"https:\/\/www.livrariarema.com.br\/loja\/produtos\/sem categoria\/montessori-livro-sensorial\/"},"modified":"2026-03-28T10:22:56","modified_gmt":"2026-03-28T13:22:56","slug":"montessori-livro-sensorial","status":"publish","type":"product","link":"https:\/\/www.livrariarema.com.br\/loja\/produtos\/livros\/infantil\/montessori-livro-sensorial\/","title":{"rendered":"Montessori Livro Sensorial"},"content":{"rendered":"<p>Com atividades que desenvolvem habilidades motoras finas, percep\u00e7\u00e3o de cores e texturas, e racioc\u00ednio l\u00f3gico, este livro oferece uma experi\u00eancia sensorial e cognitiva completa. Perfeito para despertar a curiosidade natural das crian\u00e7as, combinando aprendizado e divers\u00e3o em qualquer lugar e a qualquer momento!<\/p>\n","protected":false},"excerpt":{"rendered":"<p>Com atividades que desenvolvem habilidades motoras finas, percep\u00e7\u00e3o de cores e texturas, e racioc\u00ednio l\u00f3gico, este livro oferece uma experi\u00eancia&hellip;<\/p>\n","protected":false},"featured_media":344566,"comment_status":"open","ping_status":"closed","template":"","meta":[],"product_cat":[144,134],"product_tag":[],"_links":{"self":[{"href":"https:\/\/www.livrariarema.com.br\/loja\/wp-json\/wp\/v2\/product\/344567"}],"collection":[{"href":"https:\/\/www.livrariarema.com.br\/loja\/wp-json\/wp\/v2\/product"}],"about":[{"href":"https:\/\/www.livrariarema.com.br\/loja\/wp-json\/wp\/v2\/types\/product"}],"replies":[{"embeddable":true,"href":"https:\/\/www.livrariarema.com.br\/loja\/wp-json\/wp\/v2\/comments?post=344567"}],"wp:featuredmedia":[{"embeddable":true,"href":"https:\/\/www.livrariarema.com.br\/loja\/wp-json\/wp\/v2\/media\/344566"}],"wp:attachment":[{"href":"https:\/\/www.livrariarema.com.br\/loja\/wp-json\/wp\/v2\/media?parent=344567"}],"wp:term":[{"taxonomy":"product_cat","embeddable":true,"href":"https:\/\/www.livrariarema.com.br\/loja\/wp-json\/wp\/v2\/product_cat?post=344567"},{"taxonomy":"product_tag","embeddable":true,"href":"https:\/\/www.livrariarema.com.br\/loja\/wp-json\/wp\/v2\/product_tag?post=344567"}],"curies":[{"name":"wp","href":"https:\/\/api.w.org\/{rel}","templated":true}]}}