{"id":344569,"date":"2026-02-11T14:40:08","date_gmt":"2026-02-11T17:40:08","guid":{"rendered":"https:\/\/www.livrariarema.com.br\/loja\/produtos\/sem categoria\/biblia-ilustrada-da-familia-a-edicao-especial\/"},"modified":"2026-02-11T14:40:10","modified_gmt":"2026-02-11T17:40:10","slug":"biblia-ilustrada-da-familia-a-edicao-especial","status":"publish","type":"product","link":"https:\/\/www.livrariarema.com.br\/loja\/produtos\/livros\/infantil\/biblia-ilustrada-da-familia-a-edicao-especial\/","title":{"rendered":"Biblia Ilustrada Da Fam\u00edlia, A &#8211; Edi\u00e7\u00e3o Especial"},"content":{"rendered":"<p>Esta maravilhosa B\u00edblia Ilustrada da Fam\u00edlia \u00e9 escrita em linguagem simples e atraente, e repleta de belas e criativas ilustra\u00e7\u00f5es. As crian\u00e7as pequenas v\u00e3o adorar observar as ilustra\u00e7\u00f5es coloridas enquanto a hist\u00f3ria \u00e9 lida em voz alta. J\u00e1 as crian\u00e7as maiores poder\u00e3o ler as hist\u00f3rias por conta pr\u00f3pria. Com cerca de 300 ilustra\u00e7\u00f5es de p\u00e1gina inteira, que ajudam a contar as hist\u00f3rias do Velho e do Novo Testamento, esta B\u00edblia Ilustrada da Fam\u00edlia conquistar\u00e1 o cora\u00e7\u00e3o de toda crian\u00e7a.<\/p>\n","protected":false},"excerpt":{"rendered":"<p>Esta maravilhosa B\u00edblia Ilustrada da Fam\u00edlia \u00e9 escrita em linguagem simples e atraente, e repleta de belas e criativas ilustra\u00e7\u00f5es.&hellip;<\/p>\n","protected":false},"featured_media":344568,"comment_status":"open","ping_status":"closed","template":"","meta":[],"product_cat":[144,134],"product_tag":[],"_links":{"self":[{"href":"https:\/\/www.livrariarema.com.br\/loja\/wp-json\/wp\/v2\/product\/344569"}],"collection":[{"href":"https:\/\/www.livrariarema.com.br\/loja\/wp-json\/wp\/v2\/product"}],"about":[{"href":"https:\/\/www.livrariarema.com.br\/loja\/wp-json\/wp\/v2\/types\/product"}],"replies":[{"embeddable":true,"href":"https:\/\/www.livrariarema.com.br\/loja\/wp-json\/wp\/v2\/comments?post=344569"}],"wp:featuredmedia":[{"embeddable":true,"href":"https:\/\/www.livrariarema.com.br\/loja\/wp-json\/wp\/v2\/media\/344568"}],"wp:attachment":[{"href":"https:\/\/www.livrariarema.com.br\/loja\/wp-json\/wp\/v2\/media?parent=344569"}],"wp:term":[{"taxonomy":"product_cat","embeddable":true,"href":"https:\/\/www.livrariarema.com.br\/loja\/wp-json\/wp\/v2\/product_cat?post=344569"},{"taxonomy":"product_tag","embeddable":true,"href":"https:\/\/www.livrariarema.com.br\/loja\/wp-json\/wp\/v2\/product_tag?post=344569"}],"curies":[{"name":"wp","href":"https:\/\/api.w.org\/{rel}","templated":true}]}}