{"id":344588,"date":"2026-02-11T14:43:32","date_gmt":"2026-02-11T17:43:32","guid":{"rendered":"https:\/\/www.livrariarema.com.br\/loja\/produtos\/sem categoria\/os-mais-famosos-contos-juvenis-ben-hur\/"},"modified":"2026-02-11T14:43:35","modified_gmt":"2026-02-11T17:43:35","slug":"os-mais-famosos-contos-juvenis-ben-hur","status":"publish","type":"product","link":"https:\/\/www.livrariarema.com.br\/loja\/produtos\/livros\/juvenil\/os-mais-famosos-contos-juvenis-ben-hur\/","title":{"rendered":"Os Mais Famosos Contos Juvenis: Ben-Hur"},"content":{"rendered":"<p>Esta cole\u00e7\u00e3o apresenta os mais famosos contos cl\u00e1ssicos da literatura mundial juvenil. Em linguagem especialmente adaptada ao n\u00edvel de compreens\u00e3o dos leitores adolescentes ou pr\u00e9-adolescentes, cada livro cont\u00e9m uma hist\u00f3ria de aventura ou de hero\u00edsmo, apresentando, tamb\u00e9m a biografia do autor e suas principais obras. Uma excelente ferramenta escolar e at\u00e9 de prepara\u00e7\u00e3o para concursos, como o vestibular. Traz ainda um suplemento pedag\u00f3gico ao final de cada livro, que visa testar o entendimento do leitor sobre os textos.<\/p>\n<p>Lewis Wallace (1827-1905), um dos mais destacados autores de romances hist\u00f3ricos, nasceu em Indiana, nos Estados Unidos, em 1827. Formou-se em Direito e, pouco depois, alistou-se como volunt\u00e1rio na guerra contra o M\u00e9xico, de 1846 a 1847. Posteriormente, atuou na Guerra de Secess\u00e3o, chegando a alcan\u00e7ar o posto de general. Deixando o Ex\u00e9rcito, em 1865 ingressou na pol\u00edtica, tendo sido eleito governador do Novo M\u00e9xico, de 1878 a 1881. Mais tarde, foi nomeado ministro dos Estados Unidos na Turquia. Excelente escritor tornou-se conhecido principalmente gra\u00e7as \u00e0s suas obras Ben-Hur (tema de um dos maiores filmes produzidos em Hollywood) e O Pr\u00edncipe Indiano. Morreu em 1905.<\/p>\n","protected":false},"excerpt":{"rendered":"<p>Esta cole\u00e7\u00e3o apresenta os mais famosos contos cl\u00e1ssicos da literatura mundial juvenil. Em linguagem especialmente adaptada ao n\u00edvel de compreens\u00e3o&hellip;<\/p>\n","protected":false},"featured_media":344587,"comment_status":"open","ping_status":"closed","template":"","meta":[],"product_cat":[184,134],"product_tag":[],"_links":{"self":[{"href":"https:\/\/www.livrariarema.com.br\/loja\/wp-json\/wp\/v2\/product\/344588"}],"collection":[{"href":"https:\/\/www.livrariarema.com.br\/loja\/wp-json\/wp\/v2\/product"}],"about":[{"href":"https:\/\/www.livrariarema.com.br\/loja\/wp-json\/wp\/v2\/types\/product"}],"replies":[{"embeddable":true,"href":"https:\/\/www.livrariarema.com.br\/loja\/wp-json\/wp\/v2\/comments?post=344588"}],"wp:featuredmedia":[{"embeddable":true,"href":"https:\/\/www.livrariarema.com.br\/loja\/wp-json\/wp\/v2\/media\/344587"}],"wp:attachment":[{"href":"https:\/\/www.livrariarema.com.br\/loja\/wp-json\/wp\/v2\/media?parent=344588"}],"wp:term":[{"taxonomy":"product_cat","embeddable":true,"href":"https:\/\/www.livrariarema.com.br\/loja\/wp-json\/wp\/v2\/product_cat?post=344588"},{"taxonomy":"product_tag","embeddable":true,"href":"https:\/\/www.livrariarema.com.br\/loja\/wp-json\/wp\/v2\/product_tag?post=344588"}],"curies":[{"name":"wp","href":"https:\/\/api.w.org\/{rel}","templated":true}]}}