{"id":344590,"date":"2026-02-11T14:43:40","date_gmt":"2026-02-11T17:43:40","guid":{"rendered":"https:\/\/www.livrariarema.com.br\/loja\/produtos\/sem categoria\/os-mais-famosos-contos-juvenis-heidi\/"},"modified":"2026-02-11T14:43:44","modified_gmt":"2026-02-11T17:43:44","slug":"os-mais-famosos-contos-juvenis-heidi","status":"publish","type":"product","link":"https:\/\/www.livrariarema.com.br\/loja\/produtos\/livros\/infantil\/os-mais-famosos-contos-juvenis-heidi\/","title":{"rendered":"Os Mais Famosos Contos Juvenis: Heidi"},"content":{"rendered":"<p>Esta cole\u00e7\u00e3o apresenta os mais famosos contos cl\u00e1ssicos da literatura mundial juvenil. Em linguagem especialmente adaptada ao n\u00edvel de compreens\u00e3o dos leitores adolescentes ou pr\u00e9-adolescentes, cada livro cont\u00e9m uma hist\u00f3ria de aventura ou de hero\u00edsmo, apresentando, tamb\u00e9m a biografia do autor e suas principais obras. Uma excelente ferramenta escolar e at\u00e9 de prepara\u00e7\u00e3o para concursos, como o vestibular. Traz ainda um suplemento pedag\u00f3gico ao final de cada livro, que visa testar o entendimento do leitor sobre os textos.<Br><\/p>\n","protected":false},"excerpt":{"rendered":"<p>Esta cole\u00e7\u00e3o apresenta os mais famosos contos cl\u00e1ssicos da literatura mundial juvenil. Em linguagem especialmente adaptada ao n\u00edvel de compreens\u00e3o&hellip;<\/p>\n","protected":false},"featured_media":344589,"comment_status":"open","ping_status":"closed","template":"","meta":[],"product_cat":[144,134],"product_tag":[],"_links":{"self":[{"href":"https:\/\/www.livrariarema.com.br\/loja\/wp-json\/wp\/v2\/product\/344590"}],"collection":[{"href":"https:\/\/www.livrariarema.com.br\/loja\/wp-json\/wp\/v2\/product"}],"about":[{"href":"https:\/\/www.livrariarema.com.br\/loja\/wp-json\/wp\/v2\/types\/product"}],"replies":[{"embeddable":true,"href":"https:\/\/www.livrariarema.com.br\/loja\/wp-json\/wp\/v2\/comments?post=344590"}],"wp:featuredmedia":[{"embeddable":true,"href":"https:\/\/www.livrariarema.com.br\/loja\/wp-json\/wp\/v2\/media\/344589"}],"wp:attachment":[{"href":"https:\/\/www.livrariarema.com.br\/loja\/wp-json\/wp\/v2\/media?parent=344590"}],"wp:term":[{"taxonomy":"product_cat","embeddable":true,"href":"https:\/\/www.livrariarema.com.br\/loja\/wp-json\/wp\/v2\/product_cat?post=344590"},{"taxonomy":"product_tag","embeddable":true,"href":"https:\/\/www.livrariarema.com.br\/loja\/wp-json\/wp\/v2\/product_tag?post=344590"}],"curies":[{"name":"wp","href":"https:\/\/api.w.org\/{rel}","templated":true}]}}