{"id":344600,"date":"2026-02-11T14:46:02","date_gmt":"2026-02-11T17:46:02","guid":{"rendered":"https:\/\/www.livrariarema.com.br\/loja\/produtos\/sem categoria\/biblia-ilustrada-da-familia-a\/"},"modified":"2026-02-11T14:46:05","modified_gmt":"2026-02-11T17:46:05","slug":"biblia-ilustrada-da-familia-a","status":"publish","type":"product","link":"https:\/\/www.livrariarema.com.br\/loja\/produtos\/livros\/infantil-biblia\/biblia-ilustrada-da-familia-a\/","title":{"rendered":"B\u00edblia Ilustrada Da Fam\u00edlia, A"},"content":{"rendered":"<p>Esta maravilhosa B\u00edblia Ilustrada da Fam\u00edlia est\u00e1 escrita em linguagem simples e atraente, e repleta de belas e criativas ilustra\u00e7\u00f5es. As crian\u00e7as de tenra idade v\u00e3o adorar ficar olhando as ilustra\u00e7\u00f5es coloridas enquanto a hist\u00f3ria for sendo lida para elas, em voz alta. J\u00e1 as crian\u00e7as maiores v\u00e3o gostar de ler as hist\u00f3rias por si pr\u00f3prias. Contendo cerca de 300 ilustra\u00e7\u00f5es de p\u00e1gina inteira, que ajudam a contar as hist\u00f3rias do Velho e do Novo Testamento, esta B\u00edblia Ilustrada da Fam\u00edlia ter\u00e1 o dom de conquistar o cora\u00e7\u00e3o de toda crian\u00e7a.<\/p>\n","protected":false},"excerpt":{"rendered":"<p>Esta maravilhosa B\u00edblia Ilustrada da Fam\u00edlia est\u00e1 escrita em linguagem simples e atraente, e repleta de belas e criativas ilustra\u00e7\u00f5es.&hellip;<\/p>\n","protected":false},"featured_media":344599,"comment_status":"open","ping_status":"closed","template":"","meta":[],"product_cat":[165,134],"product_tag":[],"_links":{"self":[{"href":"https:\/\/www.livrariarema.com.br\/loja\/wp-json\/wp\/v2\/product\/344600"}],"collection":[{"href":"https:\/\/www.livrariarema.com.br\/loja\/wp-json\/wp\/v2\/product"}],"about":[{"href":"https:\/\/www.livrariarema.com.br\/loja\/wp-json\/wp\/v2\/types\/product"}],"replies":[{"embeddable":true,"href":"https:\/\/www.livrariarema.com.br\/loja\/wp-json\/wp\/v2\/comments?post=344600"}],"wp:featuredmedia":[{"embeddable":true,"href":"https:\/\/www.livrariarema.com.br\/loja\/wp-json\/wp\/v2\/media\/344599"}],"wp:attachment":[{"href":"https:\/\/www.livrariarema.com.br\/loja\/wp-json\/wp\/v2\/media?parent=344600"}],"wp:term":[{"taxonomy":"product_cat","embeddable":true,"href":"https:\/\/www.livrariarema.com.br\/loja\/wp-json\/wp\/v2\/product_cat?post=344600"},{"taxonomy":"product_tag","embeddable":true,"href":"https:\/\/www.livrariarema.com.br\/loja\/wp-json\/wp\/v2\/product_tag?post=344600"}],"curies":[{"name":"wp","href":"https:\/\/api.w.org\/{rel}","templated":true}]}}