{"id":344712,"date":"2026-02-19T09:04:52","date_gmt":"2026-02-19T12:04:52","guid":{"rendered":"https:\/\/www.livrariarema.com.br\/loja\/produtos\/sem categoria\/vela-aromatica-essencias-individual-serenidade-2\/"},"modified":"2026-02-19T09:04:56","modified_gmt":"2026-02-19T12:04:56","slug":"vela-aromatica-essencias-individual-serenidade-2","status":"publish","type":"product","link":"https:\/\/www.livrariarema.com.br\/loja\/produtos\/diversos\/decoracao\/vela-aromatica-essencias-individual-serenidade-2\/","title":{"rendered":"Vela Aromatica Ess\u00eancias &#8211; Individual &#8211; Serenidade"},"content":{"rendered":"<p>VELA INDIVIDUAL ESS\u00caNCIAS LOTUS &#8211; AROMAS QUE TRANSFORMAM O SEU AMBIENTE<\/p>\n<p>Crie uma atmosfera acolhedora e relaxante com a Vela Individual Ess\u00eancias. Perfeita para quem busca um toque especial no ambiente, essa vela combina fragr\u00e2ncias envolventes e um design sofisticado, tornando-se ideal para momentos de medita\u00e7\u00e3o, relaxamento ou para decorar com charme qualquer espa\u00e7o.<\/p>\n","protected":false},"excerpt":{"rendered":"<p>VELA INDIVIDUAL ESS\u00caNCIAS LOTUS &#8211; AROMAS QUE TRANSFORMAM O SEU AMBIENTE Crie uma atmosfera acolhedora e relaxante com a Vela&hellip;<\/p>\n","protected":false},"featured_media":344711,"comment_status":"open","ping_status":"closed","template":"","meta":[],"product_cat":[255,132],"product_tag":[],"_links":{"self":[{"href":"https:\/\/www.livrariarema.com.br\/loja\/wp-json\/wp\/v2\/product\/344712"}],"collection":[{"href":"https:\/\/www.livrariarema.com.br\/loja\/wp-json\/wp\/v2\/product"}],"about":[{"href":"https:\/\/www.livrariarema.com.br\/loja\/wp-json\/wp\/v2\/types\/product"}],"replies":[{"embeddable":true,"href":"https:\/\/www.livrariarema.com.br\/loja\/wp-json\/wp\/v2\/comments?post=344712"}],"wp:featuredmedia":[{"embeddable":true,"href":"https:\/\/www.livrariarema.com.br\/loja\/wp-json\/wp\/v2\/media\/344711"}],"wp:attachment":[{"href":"https:\/\/www.livrariarema.com.br\/loja\/wp-json\/wp\/v2\/media?parent=344712"}],"wp:term":[{"taxonomy":"product_cat","embeddable":true,"href":"https:\/\/www.livrariarema.com.br\/loja\/wp-json\/wp\/v2\/product_cat?post=344712"},{"taxonomy":"product_tag","embeddable":true,"href":"https:\/\/www.livrariarema.com.br\/loja\/wp-json\/wp\/v2\/product_tag?post=344712"}],"curies":[{"name":"wp","href":"https:\/\/api.w.org\/{rel}","templated":true}]}}