{"id":344716,"date":"2026-02-19T09:05:08","date_gmt":"2026-02-19T12:05:08","guid":{"rendered":"https:\/\/www.livrariarema.com.br\/loja\/produtos\/sem categoria\/vela-aromatica-lata-individual-um-dia-lindo-2\/"},"modified":"2026-04-28T09:52:37","modified_gmt":"2026-04-28T12:52:37","slug":"vela-aromatica-lata-individual-um-dia-lindo-2","status":"publish","type":"product","link":"https:\/\/www.livrariarema.com.br\/loja\/produtos\/diversos\/decoracao\/vela-aromatica-lata-individual-um-dia-lindo-2\/","title":{"rendered":"Vela Aromatica Lata &#8211; Individual &#8211; Um Dia Lindo"},"content":{"rendered":"<p>VELA AROM\u00c1TICA INDIVIDUAL EM LATA &#8211; LARANJA<\/p>\n<p>Crie um ambiente acolhedor e perfumado com a Vela Arom\u00e1tica Individual em Lata. Seu design compacto e sofisticado torna essa vela perfeita para momentos de relaxamento, medita\u00e7\u00e3o ou para compor uma decora\u00e7\u00e3o elegante em qualquer espa\u00e7o.<\/p>\n","protected":false},"excerpt":{"rendered":"<p>VELA AROM\u00c1TICA INDIVIDUAL EM LATA &#8211; LARANJA Crie um ambiente acolhedor e perfumado com a Vela Arom\u00e1tica Individual em Lata.&hellip;<\/p>\n","protected":false},"featured_media":347434,"comment_status":"open","ping_status":"closed","template":"","meta":[],"product_cat":[255,132],"product_tag":[],"_links":{"self":[{"href":"https:\/\/www.livrariarema.com.br\/loja\/wp-json\/wp\/v2\/product\/344716"}],"collection":[{"href":"https:\/\/www.livrariarema.com.br\/loja\/wp-json\/wp\/v2\/product"}],"about":[{"href":"https:\/\/www.livrariarema.com.br\/loja\/wp-json\/wp\/v2\/types\/product"}],"replies":[{"embeddable":true,"href":"https:\/\/www.livrariarema.com.br\/loja\/wp-json\/wp\/v2\/comments?post=344716"}],"wp:featuredmedia":[{"embeddable":true,"href":"https:\/\/www.livrariarema.com.br\/loja\/wp-json\/wp\/v2\/media\/347434"}],"wp:attachment":[{"href":"https:\/\/www.livrariarema.com.br\/loja\/wp-json\/wp\/v2\/media?parent=344716"}],"wp:term":[{"taxonomy":"product_cat","embeddable":true,"href":"https:\/\/www.livrariarema.com.br\/loja\/wp-json\/wp\/v2\/product_cat?post=344716"},{"taxonomy":"product_tag","embeddable":true,"href":"https:\/\/www.livrariarema.com.br\/loja\/wp-json\/wp\/v2\/product_tag?post=344716"}],"curies":[{"name":"wp","href":"https:\/\/api.w.org\/{rel}","templated":true}]}}