{"id":344729,"date":"2026-02-19T09:06:43","date_gmt":"2026-02-19T12:06:43","guid":{"rendered":"https:\/\/www.livrariarema.com.br\/loja\/produtos\/sem categoria\/vela-aromatica-individual-lavanda\/"},"modified":"2026-02-19T09:06:47","modified_gmt":"2026-02-19T12:06:47","slug":"vela-aromatica-individual-lavanda","status":"publish","type":"product","link":"https:\/\/www.livrariarema.com.br\/loja\/produtos\/diversos\/decoracao\/vela-aromatica-individual-lavanda\/","title":{"rendered":"Vela Aromatica &#8211; Individual &#8211; Lavanda"},"content":{"rendered":"<p>A VELA INDIVIDUAL AROM\u00c1TICA \u00e9 uma verdadeira indulg\u00eancia para os sentidos. Com seu aroma doce e reconfortante, esta vela \u00e9 muito mais do que uma simples fonte de luz.<br \/>\nAl\u00e9m de perfumar o ambiente, essa vela tamb\u00e9m proporciona uma luz suave e calmante, criando uma atmosfera serena e m\u00e1gica. Seja para um momento de autocuidado, para receber visitas com eleg\u00e2ncia ou para simplesmente desfrutar da calma em seu lar, esta vela \u00e9 a escolha perfeita.<\/p>\n","protected":false},"excerpt":{"rendered":"<p>A VELA INDIVIDUAL AROM\u00c1TICA \u00e9 uma verdadeira indulg\u00eancia para os sentidos. Com seu aroma doce e reconfortante, esta vela \u00e9&hellip;<\/p>\n","protected":false},"featured_media":344728,"comment_status":"open","ping_status":"closed","template":"","meta":[],"product_cat":[255,132],"product_tag":[],"_links":{"self":[{"href":"https:\/\/www.livrariarema.com.br\/loja\/wp-json\/wp\/v2\/product\/344729"}],"collection":[{"href":"https:\/\/www.livrariarema.com.br\/loja\/wp-json\/wp\/v2\/product"}],"about":[{"href":"https:\/\/www.livrariarema.com.br\/loja\/wp-json\/wp\/v2\/types\/product"}],"replies":[{"embeddable":true,"href":"https:\/\/www.livrariarema.com.br\/loja\/wp-json\/wp\/v2\/comments?post=344729"}],"wp:featuredmedia":[{"embeddable":true,"href":"https:\/\/www.livrariarema.com.br\/loja\/wp-json\/wp\/v2\/media\/344728"}],"wp:attachment":[{"href":"https:\/\/www.livrariarema.com.br\/loja\/wp-json\/wp\/v2\/media?parent=344729"}],"wp:term":[{"taxonomy":"product_cat","embeddable":true,"href":"https:\/\/www.livrariarema.com.br\/loja\/wp-json\/wp\/v2\/product_cat?post=344729"},{"taxonomy":"product_tag","embeddable":true,"href":"https:\/\/www.livrariarema.com.br\/loja\/wp-json\/wp\/v2\/product_tag?post=344729"}],"curies":[{"name":"wp","href":"https:\/\/api.w.org\/{rel}","templated":true}]}}