{"id":344735,"date":"2026-02-19T09:07:05","date_gmt":"2026-02-19T12:07:05","guid":{"rendered":"https:\/\/www.livrariarema.com.br\/loja\/produtos\/sem categoria\/vela-aromatica-lata-individual-para-minha-mae-com-carinho\/"},"modified":"2026-04-22T13:16:04","modified_gmt":"2026-04-22T16:16:04","slug":"vela-aromatica-lata-individual-para-minha-mae-com-carinho","status":"publish","type":"product","link":"https:\/\/www.livrariarema.com.br\/loja\/produtos\/diversos\/decoracao\/vela-aromatica-lata-individual-para-minha-mae-com-carinho\/","title":{"rendered":"Vela Aromatica Lata &#8211; Individual &#8211; Para Minha M\u00e3e Com Carinho"},"content":{"rendered":"<p>VELA AROM\u00c1TICA INDIVIDUAL EM LATA <\/p>\n<p>Crie um ambiente acolhedor e perfumado com a Vela Arom\u00e1tica Individual em Lata. Seu design compacto e sofisticado torna essa vela perfeita para momentos de relaxamento, medita\u00e7\u00e3o ou para compor uma decora\u00e7\u00e3o elegante em qualquer espa\u00e7o.<\/p>\n","protected":false},"excerpt":{"rendered":"<p>VELA AROM\u00c1TICA INDIVIDUAL EM LATA Crie um ambiente acolhedor e perfumado com a Vela Arom\u00e1tica Individual em Lata. Seu design&hellip;<\/p>\n","protected":false},"featured_media":344734,"comment_status":"open","ping_status":"closed","template":"","meta":[],"product_cat":[255,132],"product_tag":[],"_links":{"self":[{"href":"https:\/\/www.livrariarema.com.br\/loja\/wp-json\/wp\/v2\/product\/344735"}],"collection":[{"href":"https:\/\/www.livrariarema.com.br\/loja\/wp-json\/wp\/v2\/product"}],"about":[{"href":"https:\/\/www.livrariarema.com.br\/loja\/wp-json\/wp\/v2\/types\/product"}],"replies":[{"embeddable":true,"href":"https:\/\/www.livrariarema.com.br\/loja\/wp-json\/wp\/v2\/comments?post=344735"}],"wp:featuredmedia":[{"embeddable":true,"href":"https:\/\/www.livrariarema.com.br\/loja\/wp-json\/wp\/v2\/media\/344734"}],"wp:attachment":[{"href":"https:\/\/www.livrariarema.com.br\/loja\/wp-json\/wp\/v2\/media?parent=344735"}],"wp:term":[{"taxonomy":"product_cat","embeddable":true,"href":"https:\/\/www.livrariarema.com.br\/loja\/wp-json\/wp\/v2\/product_cat?post=344735"},{"taxonomy":"product_tag","embeddable":true,"href":"https:\/\/www.livrariarema.com.br\/loja\/wp-json\/wp\/v2\/product_tag?post=344735"}],"curies":[{"name":"wp","href":"https:\/\/api.w.org\/{rel}","templated":true}]}}