{"id":344781,"date":"2026-02-19T09:45:52","date_gmt":"2026-02-19T12:45:52","guid":{"rendered":"https:\/\/www.livrariarema.com.br\/loja\/produtos\/sem categoria\/lata-porta-joias-para-uma-pessoa-muito-especial\/"},"modified":"2026-02-19T09:45:54","modified_gmt":"2026-02-19T12:45:54","slug":"lata-porta-joias-para-uma-pessoa-muito-especial","status":"publish","type":"product","link":"https:\/\/www.livrariarema.com.br\/loja\/produtos\/diversos\/porta-joias\/lata-porta-joias-para-uma-pessoa-muito-especial\/","title":{"rendered":"Lata Porta Joias &#8211; Para Uma Pessoa Muito Especial"},"content":{"rendered":"<p>Agora ficou muito mais f\u00e1cil organizar suas bijuterias com as Latas Porta Joias! Ideais para quem adora praticidade e tem uma vibe good vibes, essas latinhas s\u00e3o perfeitas para quem leva a vida de forma leve e feliz, sem se preocupar com os pequenos detalhes e problemas.<\/p>\n<p>Com tr\u00eas compartimentos, voc\u00ea pode separar seus acess\u00f3rios de maneira pr\u00e1tica, mantendo tudo no seu devido lugar. As latinhas de metal se encaixam perfeitamente uma na outra e s\u00e3o super f\u00e1ceis de abrir e fechar.<\/p>\n<p>Al\u00e9m disso, as Latas Porta Joias t\u00eam estampas incr\u00edveis que v\u00e3o deixar seu quarto ainda mais lindo e cheio de estilo!<\/p>\n","protected":false},"excerpt":{"rendered":"<p>Agora ficou muito mais f\u00e1cil organizar suas bijuterias com as Latas Porta Joias! Ideais para quem adora praticidade e tem&hellip;<\/p>\n","protected":false},"featured_media":344780,"comment_status":"open","ping_status":"closed","template":"","meta":[],"product_cat":[132,261],"product_tag":[],"_links":{"self":[{"href":"https:\/\/www.livrariarema.com.br\/loja\/wp-json\/wp\/v2\/product\/344781"}],"collection":[{"href":"https:\/\/www.livrariarema.com.br\/loja\/wp-json\/wp\/v2\/product"}],"about":[{"href":"https:\/\/www.livrariarema.com.br\/loja\/wp-json\/wp\/v2\/types\/product"}],"replies":[{"embeddable":true,"href":"https:\/\/www.livrariarema.com.br\/loja\/wp-json\/wp\/v2\/comments?post=344781"}],"wp:featuredmedia":[{"embeddable":true,"href":"https:\/\/www.livrariarema.com.br\/loja\/wp-json\/wp\/v2\/media\/344780"}],"wp:attachment":[{"href":"https:\/\/www.livrariarema.com.br\/loja\/wp-json\/wp\/v2\/media?parent=344781"}],"wp:term":[{"taxonomy":"product_cat","embeddable":true,"href":"https:\/\/www.livrariarema.com.br\/loja\/wp-json\/wp\/v2\/product_cat?post=344781"},{"taxonomy":"product_tag","embeddable":true,"href":"https:\/\/www.livrariarema.com.br\/loja\/wp-json\/wp\/v2\/product_tag?post=344781"}],"curies":[{"name":"wp","href":"https:\/\/api.w.org\/{rel}","templated":true}]}}