{"id":344787,"date":"2026-02-19T09:46:17","date_gmt":"2026-02-19T12:46:17","guid":{"rendered":"https:\/\/www.livrariarema.com.br\/loja\/produtos\/sem categoria\/caneca-de-vidro-elegance-300ml-para-minha-mae-com-carinho\/"},"modified":"2026-04-22T13:14:08","modified_gmt":"2026-04-22T16:14:08","slug":"caneca-de-vidro-elegance-300ml-para-minha-mae-com-carinho","status":"publish","type":"product","link":"https:\/\/www.livrariarema.com.br\/loja\/produtos\/diversos\/caneca\/caneca-de-vidro-elegance-300ml-para-minha-mae-com-carinho\/","title":{"rendered":"Caneca De Vidro &#8211; Elegance 300Ml &#8211; Para Minha M\u00e3e Com Carinho"},"content":{"rendered":"<p>A CANECA VIDRO ELEGANCE foi cuidadosamente projetada para aprimorar a sua experi\u00eancia ao apreciar o caf\u00e9. Com um design elegante e sofisticado, esta caneca de vidro \u00e9 uma escolha excepcional para manter a sua bebida na temperatura ideal, evitando que ela esfrie enquanto voc\u00ea a saboreia.<\/p>\n","protected":false},"excerpt":{"rendered":"<p>A CANECA VIDRO ELEGANCE foi cuidadosamente projetada para aprimorar a sua experi\u00eancia ao apreciar o caf\u00e9. Com um design elegante&hellip;<\/p>\n","protected":false},"featured_media":344786,"comment_status":"open","ping_status":"closed","template":"","meta":[],"product_cat":[235,132],"product_tag":[],"_links":{"self":[{"href":"https:\/\/www.livrariarema.com.br\/loja\/wp-json\/wp\/v2\/product\/344787"}],"collection":[{"href":"https:\/\/www.livrariarema.com.br\/loja\/wp-json\/wp\/v2\/product"}],"about":[{"href":"https:\/\/www.livrariarema.com.br\/loja\/wp-json\/wp\/v2\/types\/product"}],"replies":[{"embeddable":true,"href":"https:\/\/www.livrariarema.com.br\/loja\/wp-json\/wp\/v2\/comments?post=344787"}],"wp:featuredmedia":[{"embeddable":true,"href":"https:\/\/www.livrariarema.com.br\/loja\/wp-json\/wp\/v2\/media\/344786"}],"wp:attachment":[{"href":"https:\/\/www.livrariarema.com.br\/loja\/wp-json\/wp\/v2\/media?parent=344787"}],"wp:term":[{"taxonomy":"product_cat","embeddable":true,"href":"https:\/\/www.livrariarema.com.br\/loja\/wp-json\/wp\/v2\/product_cat?post=344787"},{"taxonomy":"product_tag","embeddable":true,"href":"https:\/\/www.livrariarema.com.br\/loja\/wp-json\/wp\/v2\/product_tag?post=344787"}],"curies":[{"name":"wp","href":"https:\/\/api.w.org\/{rel}","templated":true}]}}