{"id":344795,"date":"2026-02-19T11:33:11","date_gmt":"2026-02-19T14:33:11","guid":{"rendered":"https:\/\/www.livrariarema.com.br\/loja\/produtos\/sem categoria\/caneca-de-porcelana-urban-300ml-brilhe-voce-inspira\/"},"modified":"2026-04-28T09:49:26","modified_gmt":"2026-04-28T12:49:26","slug":"caneca-de-porcelana-urban-300ml-brilhe-voce-inspira","status":"publish","type":"product","link":"https:\/\/www.livrariarema.com.br\/loja\/produtos\/diversos\/caneca\/caneca-de-porcelana-urban-300ml-brilhe-voce-inspira\/","title":{"rendered":"Caneca De Porcelana &#8211; Urban 300Ml &#8211; Brilhe Voc\u00ea Inspira"},"content":{"rendered":"<p>A caneca perfeita para um caf\u00e9 com amor e sabor, para desfrute de cada gole e aproveitar cada momento de pausa com a companhias perfeitas. Esta caneca \u00e9 a escolha certa para quem busca qualidade e estilo em uma s\u00f3 pe\u00e7a.<\/p>\n","protected":false},"excerpt":{"rendered":"<p>A caneca perfeita para um caf\u00e9 com amor e sabor, para desfrute de cada gole e aproveitar cada momento de&hellip;<\/p>\n","protected":false},"featured_media":347418,"comment_status":"open","ping_status":"closed","template":"","meta":[],"product_cat":[235,132],"product_tag":[],"_links":{"self":[{"href":"https:\/\/www.livrariarema.com.br\/loja\/wp-json\/wp\/v2\/product\/344795"}],"collection":[{"href":"https:\/\/www.livrariarema.com.br\/loja\/wp-json\/wp\/v2\/product"}],"about":[{"href":"https:\/\/www.livrariarema.com.br\/loja\/wp-json\/wp\/v2\/types\/product"}],"replies":[{"embeddable":true,"href":"https:\/\/www.livrariarema.com.br\/loja\/wp-json\/wp\/v2\/comments?post=344795"}],"wp:featuredmedia":[{"embeddable":true,"href":"https:\/\/www.livrariarema.com.br\/loja\/wp-json\/wp\/v2\/media\/347418"}],"wp:attachment":[{"href":"https:\/\/www.livrariarema.com.br\/loja\/wp-json\/wp\/v2\/media?parent=344795"}],"wp:term":[{"taxonomy":"product_cat","embeddable":true,"href":"https:\/\/www.livrariarema.com.br\/loja\/wp-json\/wp\/v2\/product_cat?post=344795"},{"taxonomy":"product_tag","embeddable":true,"href":"https:\/\/www.livrariarema.com.br\/loja\/wp-json\/wp\/v2\/product_tag?post=344795"}],"curies":[{"name":"wp","href":"https:\/\/api.w.org\/{rel}","templated":true}]}}