{"id":345137,"date":"2026-02-20T13:47:05","date_gmt":"2026-02-20T16:47:05","guid":{"rendered":"https:\/\/www.livrariarema.com.br\/loja\/produtos\/sem categoria\/sorriso-escondido-de-deus-john-piper\/"},"modified":"2026-03-10T10:20:47","modified_gmt":"2026-03-10T13:20:47","slug":"sorriso-escondido-de-deus-john-piper","status":"publish","type":"product","link":"https:\/\/www.livrariarema.com.br\/loja\/produtos\/livros\/biografia\/sorriso-escondido-de-deus-john-piper\/","title":{"rendered":"Sorriso Escondido De Deus &#8211; John Piper"},"content":{"rendered":"<p>O fruto da afli\u00e7\u00e3o na vida de John Bunyan, William Cowper e David Brainerd&#8230;<BR><br \/>\nJohn Piper \u00e9 pastor titular da Bethlehem Baptist Church desde 1980. Tem escrito numerosos livros que chamam os leitores a difundir a paix\u00e3o pela supremacia de Deus, em todas as coisas, para a alegria de todas as pessoas. Entre as suas obras mais populares est\u00e1 o livro Teologia da Alegria tamb\u00e9m da Shedd Publica\u00e7\u00f5es.<BR><br \/>\nJohn Bunyan<BR><br \/>\nFicou preso por doze anos, mesmo quando a simples promessa de parar de pregar o Evangelho, ter-lhe-ia assegurado a liberdade. Mas a confian\u00e7a inabal\u00e1vel de Bunyan de que Deus determinou cada prova\u00e7\u00e3o, n\u00e3o lhe permitia abater-se e levou-o a depender ainda mais daquele que \u00e9 invis\u00edvel.<BR><br \/>\nDavid Brainerd<BR><br \/>\nT\u00e3o grande o desejo de Brainerd de honrar a Deus que ele clamou cheio de gozo, OH! Como eu desejo mais santidade! Oh, mais de Deus em minha alma! Oh, esta dor agrad\u00e1vel! Ela faz minha alma buscar diligentemente a Deus. Atrav\u00e9s da solid\u00e3o de seu minist\u00e9rio no ermo e da agonia da tuberculose, ele foi em frente, transformando para sempre as miss\u00f5es mundiais.<BR><br \/>\nWilliam Cowper<BR><br \/>\nMesmo quando o seu pr\u00f3prio c\u00e9u estava cheio de nuvens de terror, a poesia de Cowper era um reflexo do car\u00e1ter sustentador de Deus &#8211; m\u00fasica para a mente, que lhe permitiu suportar e adorar ainda mais profundamente. <BR><\/p>\n","protected":false},"excerpt":{"rendered":"<p>O fruto da afli\u00e7\u00e3o na vida de John Bunyan, William Cowper e David Brainerd&#8230; John Piper \u00e9 pastor titular da&hellip;<\/p>\n","protected":false},"featured_media":345844,"comment_status":"open","ping_status":"closed","template":"","meta":[],"product_cat":[181,134],"product_tag":[],"_links":{"self":[{"href":"https:\/\/www.livrariarema.com.br\/loja\/wp-json\/wp\/v2\/product\/345137"}],"collection":[{"href":"https:\/\/www.livrariarema.com.br\/loja\/wp-json\/wp\/v2\/product"}],"about":[{"href":"https:\/\/www.livrariarema.com.br\/loja\/wp-json\/wp\/v2\/types\/product"}],"replies":[{"embeddable":true,"href":"https:\/\/www.livrariarema.com.br\/loja\/wp-json\/wp\/v2\/comments?post=345137"}],"wp:featuredmedia":[{"embeddable":true,"href":"https:\/\/www.livrariarema.com.br\/loja\/wp-json\/wp\/v2\/media\/345844"}],"wp:attachment":[{"href":"https:\/\/www.livrariarema.com.br\/loja\/wp-json\/wp\/v2\/media?parent=345137"}],"wp:term":[{"taxonomy":"product_cat","embeddable":true,"href":"https:\/\/www.livrariarema.com.br\/loja\/wp-json\/wp\/v2\/product_cat?post=345137"},{"taxonomy":"product_tag","embeddable":true,"href":"https:\/\/www.livrariarema.com.br\/loja\/wp-json\/wp\/v2\/product_tag?post=345137"}],"curies":[{"name":"wp","href":"https:\/\/api.w.org\/{rel}","templated":true}]}}