{"id":345596,"date":"2026-03-02T09:52:26","date_gmt":"2026-03-02T12:52:26","guid":{"rendered":"https:\/\/www.livrariarema.com.br\/loja\/produtos\/sem categoria\/harpa-crista-grande-luxo-preta\/"},"modified":"2026-03-14T10:50:19","modified_gmt":"2026-03-14T13:50:19","slug":"harpa-crista-grande-luxo-preta","status":"publish","type":"product","link":"https:\/\/www.livrariarema.com.br\/loja\/produtos\/livros\/harpas\/harpa-crista-grande-luxo-preta\/","title":{"rendered":"Harpa Crist\u00e3 Grande Luxo &#8211; Preta"},"content":{"rendered":"<p>O hin\u00e1rio mais popular do pa\u00eds agora com layout moderno, nova capa e com pre\u00e7o ainda menor. Adore a Deus e sinta a presen\u00e7a do Esp\u00edrito Santo com os belos hinos da Harpa Crist\u00e3. Agora com lindos modelos para voc\u00ea colecionar ou presentear, com a qualidade e a tradi\u00e7\u00e3o que voc\u00ea j\u00e1 conhece!<br \/>\nDispon\u00edvel tamb\u00e9m nas cores, marrom e vinho!<\/p>\n","protected":false},"excerpt":{"rendered":"<p>O hin\u00e1rio mais popular do pa\u00eds agora com layout moderno, nova capa e com pre\u00e7o ainda menor. Adore a Deus&hellip;<\/p>\n","protected":false},"featured_media":345595,"comment_status":"open","ping_status":"closed","template":"","meta":[],"product_cat":[221,134],"product_tag":[],"_links":{"self":[{"href":"https:\/\/www.livrariarema.com.br\/loja\/wp-json\/wp\/v2\/product\/345596"}],"collection":[{"href":"https:\/\/www.livrariarema.com.br\/loja\/wp-json\/wp\/v2\/product"}],"about":[{"href":"https:\/\/www.livrariarema.com.br\/loja\/wp-json\/wp\/v2\/types\/product"}],"replies":[{"embeddable":true,"href":"https:\/\/www.livrariarema.com.br\/loja\/wp-json\/wp\/v2\/comments?post=345596"}],"wp:featuredmedia":[{"embeddable":true,"href":"https:\/\/www.livrariarema.com.br\/loja\/wp-json\/wp\/v2\/media\/345595"}],"wp:attachment":[{"href":"https:\/\/www.livrariarema.com.br\/loja\/wp-json\/wp\/v2\/media?parent=345596"}],"wp:term":[{"taxonomy":"product_cat","embeddable":true,"href":"https:\/\/www.livrariarema.com.br\/loja\/wp-json\/wp\/v2\/product_cat?post=345596"},{"taxonomy":"product_tag","embeddable":true,"href":"https:\/\/www.livrariarema.com.br\/loja\/wp-json\/wp\/v2\/product_tag?post=345596"}],"curies":[{"name":"wp","href":"https:\/\/api.w.org\/{rel}","templated":true}]}}