{"id":345598,"date":"2026-03-02T09:52:39","date_gmt":"2026-03-02T12:52:39","guid":{"rendered":"https:\/\/www.livrariarema.com.br\/loja\/produtos\/sem categoria\/harpa-crista-com-musica-grande-preta\/"},"modified":"2026-03-02T09:52:42","modified_gmt":"2026-03-02T12:52:42","slug":"harpa-crista-com-musica-grande-preta","status":"publish","type":"product","link":"https:\/\/www.livrariarema.com.br\/loja\/produtos\/livros\/harpas\/harpa-crista-com-musica-grande-preta\/","title":{"rendered":"Harpa Crist\u00e3 Com M\u00fasica &#8211; Grande &#8211; Preta"},"content":{"rendered":"<p>Cante e toque os 636 hinos da Harpa Crist\u00e3. Cada hino est\u00e1 acompanhado de suas respectivas partituras em notas musicais nas claves de Sol e F\u00e1, preparadas para leitura dos mais diversas vozes, bem como instrumentos musicais, facilitando assim a ministra\u00e7\u00e3o do louvor congregacional.<\/p>\n<p>A clave de Sol representa a m\u00e3o direita em instrumentos de teclado. A maioria dos instrumentos de madeira (flauta doce, clarinete e obo\u00e9), os de metais mais agudos como o trompete, bem como instrumentos de corda, como o violino e o viol\u00e3o. As vozes femininas, soprano e contralto, tamb\u00e9m seguem normalmente a clave de sol.<\/p>\n<p>J\u00e1 a clave de F\u00e1 \u00e9 utilizada na escrita da m\u00e3o esquerda dos instrumentos de teclado, instrumentos de registro grave, como o violoncelo, o contrabaixo e o trombone, assim como as vozes masculinas, tenor, bar\u00edtono e baixo.<\/p>\n<p>Os seus recursos incluem:<br \/>\n&#8211; Linhas de partitura para anota\u00e7\u00f5es;<br \/>\n&#8211; \u00cdndice de Autores e Tradutores;<br \/>\n&#8211; \u00cdndice de Assuntos;<br \/>\n&#8211; \u00cdndice das primeiras linhas dos Estribilhos;<br \/>\n&#8211; \u00cdndice das primeiras linhas das Estrofes.<\/p>\n","protected":false},"excerpt":{"rendered":"<p>Cante e toque os 636 hinos da Harpa Crist\u00e3. Cada hino est\u00e1 acompanhado de suas respectivas partituras em notas musicais&hellip;<\/p>\n","protected":false},"featured_media":345597,"comment_status":"open","ping_status":"closed","template":"","meta":[],"product_cat":[221,134],"product_tag":[],"_links":{"self":[{"href":"https:\/\/www.livrariarema.com.br\/loja\/wp-json\/wp\/v2\/product\/345598"}],"collection":[{"href":"https:\/\/www.livrariarema.com.br\/loja\/wp-json\/wp\/v2\/product"}],"about":[{"href":"https:\/\/www.livrariarema.com.br\/loja\/wp-json\/wp\/v2\/types\/product"}],"replies":[{"embeddable":true,"href":"https:\/\/www.livrariarema.com.br\/loja\/wp-json\/wp\/v2\/comments?post=345598"}],"wp:featuredmedia":[{"embeddable":true,"href":"https:\/\/www.livrariarema.com.br\/loja\/wp-json\/wp\/v2\/media\/345597"}],"wp:attachment":[{"href":"https:\/\/www.livrariarema.com.br\/loja\/wp-json\/wp\/v2\/media?parent=345598"}],"wp:term":[{"taxonomy":"product_cat","embeddable":true,"href":"https:\/\/www.livrariarema.com.br\/loja\/wp-json\/wp\/v2\/product_cat?post=345598"},{"taxonomy":"product_tag","embeddable":true,"href":"https:\/\/www.livrariarema.com.br\/loja\/wp-json\/wp\/v2\/product_tag?post=345598"}],"curies":[{"name":"wp","href":"https:\/\/api.w.org\/{rel}","templated":true}]}}