{"id":345612,"date":"2026-03-02T09:53:20","date_gmt":"2026-03-02T12:53:20","guid":{"rendered":"https:\/\/www.livrariarema.com.br\/loja\/produtos\/sem categoria\/arc065hlglv-biblia-com-harpa-letra-grande-marrom-salvacao\/"},"modified":"2026-03-02T09:53:22","modified_gmt":"2026-03-02T12:53:22","slug":"arc065hlglv-biblia-com-harpa-letra-grande-marrom-salvacao","status":"publish","type":"product","link":"https:\/\/www.livrariarema.com.br\/loja\/produtos\/biblias\/revista-corrigida-com-harpa\/arc065hlglv-biblia-com-harpa-letra-grande-marrom-salvacao\/","title":{"rendered":"Arc065hlglv &#8211; B\u00edblia Com Harpa &#8211; Letra Grande &#8211; Marrom (Salva\u00e7\u00e3o)"},"content":{"rendered":"<p>Esta B\u00edblia possui visual agrad\u00e1vel, de f\u00e1cil leitura, LETRA GRANDE, com as palavras de Jesus em vermelho, com a letra dos 636 hinos da Harpa Crist\u00e3. Vem tamb\u00e9m com mapas, se\u00e7\u00e3o de aux\u00edlios, notas e refer\u00eancias. A tradu\u00e7\u00e3o em portugu\u00eas do texto b\u00edblico vem na vers\u00e3o Jo\u00e3o Ferreira de Almeida Revista e Corrigida de 2009. Perfeita para sua medita\u00e7\u00e3o na Palavra de Deus e tamb\u00e9m um \u00f3timo presente para amigos e familiares.<\/p>\n<p>Nela voc\u00ea encontra:<br \/>\n&#8211; Harpa<br \/>\n&#8211; Mapas<br \/>\n&#8211; Marcador de B\u00edblia<br \/>\n&#8211; Fala de Jesus em Vermelho<br \/>\n&#8211; \u00cdndice de Assuntos<br \/>\n&#8211; \u00cdndice das Primeiras Linhas das Estrofes<\/p>\n","protected":false},"excerpt":{"rendered":"<p>Esta B\u00edblia possui visual agrad\u00e1vel, de f\u00e1cil leitura, LETRA GRANDE, com as palavras de Jesus em vermelho, com a letra&hellip;<\/p>\n","protected":false},"featured_media":345611,"comment_status":"open","ping_status":"closed","template":"","meta":[],"product_cat":[139,151],"product_tag":[],"_links":{"self":[{"href":"https:\/\/www.livrariarema.com.br\/loja\/wp-json\/wp\/v2\/product\/345612"}],"collection":[{"href":"https:\/\/www.livrariarema.com.br\/loja\/wp-json\/wp\/v2\/product"}],"about":[{"href":"https:\/\/www.livrariarema.com.br\/loja\/wp-json\/wp\/v2\/types\/product"}],"replies":[{"embeddable":true,"href":"https:\/\/www.livrariarema.com.br\/loja\/wp-json\/wp\/v2\/comments?post=345612"}],"wp:featuredmedia":[{"embeddable":true,"href":"https:\/\/www.livrariarema.com.br\/loja\/wp-json\/wp\/v2\/media\/345611"}],"wp:attachment":[{"href":"https:\/\/www.livrariarema.com.br\/loja\/wp-json\/wp\/v2\/media?parent=345612"}],"wp:term":[{"taxonomy":"product_cat","embeddable":true,"href":"https:\/\/www.livrariarema.com.br\/loja\/wp-json\/wp\/v2\/product_cat?post=345612"},{"taxonomy":"product_tag","embeddable":true,"href":"https:\/\/www.livrariarema.com.br\/loja\/wp-json\/wp\/v2\/product_tag?post=345612"}],"curies":[{"name":"wp","href":"https:\/\/api.w.org\/{rel}","templated":true}]}}