{"id":345618,"date":"2026-03-02T09:53:46","date_gmt":"2026-03-02T12:53:46","guid":{"rendered":"https:\/\/www.livrariarema.com.br\/loja\/produtos\/sem categoria\/mulher-sua-verdadeira-feminilidade-mary-a-kassian-e-nancy-leigh-demoss\/"},"modified":"2026-03-04T12:37:32","modified_gmt":"2026-03-04T15:37:32","slug":"mulher-sua-verdadeira-feminilidade-mary-a-kassian-e-nancy-leigh-demoss","status":"publish","type":"product","link":"https:\/\/www.livrariarema.com.br\/loja\/produtos\/livros\/mulher\/mulher-sua-verdadeira-feminilidade-mary-a-kassian-e-nancy-leigh-demoss\/","title":{"rendered":"Mulher: Sua Verdadeira Feminilidade &#8211; Mary A. Kassian E Nancy Leigh Demoss"},"content":{"rendered":"<p>Milhares est\u00e3o abandonando a marca de feminilidade do mundo e juntando-se \u00e0 uma contrarrevolu\u00e7\u00e3o pac\u00edfica. Descubra por qu\u00ea. Re\u00fana algumas amigas. Mergulhem no \u00e2mago do que significa ser homem e mulher de verdade, e descubram a beleza, alegria e satisfa\u00e7\u00e3o de ser exatamente quem Deus sempre quis que voc\u00eas fossem. Melhor ainda, descubram como sua vida pode refletir Cristo e exibir o evangelho ao mundo!<\/p>\n<p>Se voc\u00ea est\u00e1 cansada das r\u00e9plicas e imita\u00e7\u00f5es baratas que o mundo oferece &#8211; ou se n\u00e3o aguenta mais os conselhos banalizados, as caricaturas superficiais e as solu\u00e7\u00f5es pr\u00e9-fabricadas -, ent\u00e3o esse estudo b\u00edblico de oito semanas, com base em ensino fundamental e princ\u00edpios da Palavra de Deus, preparado por Mary A. Kassian e Nancy Leigh DeMoss \u00e9 para voc\u00ea!<\/p>\n","protected":false},"excerpt":{"rendered":"<p>Milhares est\u00e3o abandonando a marca de feminilidade do mundo e juntando-se \u00e0 uma contrarrevolu\u00e7\u00e3o pac\u00edfica. Descubra por qu\u00ea. Re\u00fana algumas&hellip;<\/p>\n","protected":false},"featured_media":345833,"comment_status":"open","ping_status":"closed","template":"","meta":[],"product_cat":[134,170],"product_tag":[],"_links":{"self":[{"href":"https:\/\/www.livrariarema.com.br\/loja\/wp-json\/wp\/v2\/product\/345618"}],"collection":[{"href":"https:\/\/www.livrariarema.com.br\/loja\/wp-json\/wp\/v2\/product"}],"about":[{"href":"https:\/\/www.livrariarema.com.br\/loja\/wp-json\/wp\/v2\/types\/product"}],"replies":[{"embeddable":true,"href":"https:\/\/www.livrariarema.com.br\/loja\/wp-json\/wp\/v2\/comments?post=345618"}],"wp:featuredmedia":[{"embeddable":true,"href":"https:\/\/www.livrariarema.com.br\/loja\/wp-json\/wp\/v2\/media\/345833"}],"wp:attachment":[{"href":"https:\/\/www.livrariarema.com.br\/loja\/wp-json\/wp\/v2\/media?parent=345618"}],"wp:term":[{"taxonomy":"product_cat","embeddable":true,"href":"https:\/\/www.livrariarema.com.br\/loja\/wp-json\/wp\/v2\/product_cat?post=345618"},{"taxonomy":"product_tag","embeddable":true,"href":"https:\/\/www.livrariarema.com.br\/loja\/wp-json\/wp\/v2\/product_tag?post=345618"}],"curies":[{"name":"wp","href":"https:\/\/api.w.org\/{rel}","templated":true}]}}