{"id":345633,"date":"2026-03-02T10:24:32","date_gmt":"2026-03-02T13:24:32","guid":{"rendered":"https:\/\/www.livrariarema.com.br\/loja\/produtos\/sem%20categoria\/venca-o-pecado-c-h-spurgeon\/"},"modified":"2026-03-04T12:35:28","modified_gmt":"2026-03-04T15:35:28","slug":"venca-o-pecado-c-h-spurgeon","status":"publish","type":"product","link":"https:\/\/www.livrariarema.com.br\/loja\/produtos\/livros\/biografia\/venca-o-pecado-c-h-spurgeon\/","title":{"rendered":"Ven\u00e7a O Pecado &#8211; C. H. Spurgeon"},"content":{"rendered":"<p>Este livro \u00e9 um chamado para o despertamento e para uma vida de santidade. Como nos encoraja Spurgeon: &#8220;Queridos irm\u00e3os, o Noivo chegou! Acordem! Acordem! Em breve a terra desaparecer\u00e1, e os c\u00e9us se dissolver\u00e3o! Acordem! Acordem! \u00d3, Esp\u00edrito Santo, desperta-nos, e mant\u00e9m-nos acordados.&#8221;<\/p>\n","protected":false},"excerpt":{"rendered":"<p>Este livro \u00e9 um chamado para o despertamento e para uma vida de santidade. Como nos encoraja Spurgeon: &#8220;Queridos irm\u00e3os,&hellip;<\/p>\n","protected":false},"featured_media":345817,"comment_status":"open","ping_status":"closed","template":"","meta":[],"product_cat":[181,134],"product_tag":[],"_links":{"self":[{"href":"https:\/\/www.livrariarema.com.br\/loja\/wp-json\/wp\/v2\/product\/345633"}],"collection":[{"href":"https:\/\/www.livrariarema.com.br\/loja\/wp-json\/wp\/v2\/product"}],"about":[{"href":"https:\/\/www.livrariarema.com.br\/loja\/wp-json\/wp\/v2\/types\/product"}],"replies":[{"embeddable":true,"href":"https:\/\/www.livrariarema.com.br\/loja\/wp-json\/wp\/v2\/comments?post=345633"}],"wp:featuredmedia":[{"embeddable":true,"href":"https:\/\/www.livrariarema.com.br\/loja\/wp-json\/wp\/v2\/media\/345817"}],"wp:attachment":[{"href":"https:\/\/www.livrariarema.com.br\/loja\/wp-json\/wp\/v2\/media?parent=345633"}],"wp:term":[{"taxonomy":"product_cat","embeddable":true,"href":"https:\/\/www.livrariarema.com.br\/loja\/wp-json\/wp\/v2\/product_cat?post=345633"},{"taxonomy":"product_tag","embeddable":true,"href":"https:\/\/www.livrariarema.com.br\/loja\/wp-json\/wp\/v2\/product_tag?post=345633"}],"curies":[{"name":"wp","href":"https:\/\/api.w.org\/{rel}","templated":true}]}}