{"id":345644,"date":"2026-03-02T10:35:16","date_gmt":"2026-03-02T13:35:16","guid":{"rendered":"https:\/\/www.livrariarema.com.br\/loja\/produtos\/sem categoria\/principes-guerreiros-os-priscilla-shirer-e-gina-detwiler\/"},"modified":"2026-03-06T13:00:51","modified_gmt":"2026-03-06T16:00:51","slug":"principes-guerreiros-os-priscilla-shirer-e-gina-detwiler","status":"publish","type":"product","link":"https:\/\/www.livrariarema.com.br\/loja\/produtos\/livros\/ficcao\/principes-guerreiros-os-priscilla-shirer-e-gina-detwiler\/","title":{"rendered":"Pr\u00edncipes Guerreiros, Os &#8211; Priscilla Shirer E Gina Detwiler"},"content":{"rendered":"<p>Como irm\u00e3os, Xavier e Evan est\u00e3o acostumados a lutar um contra o outro &#8211; mas agora est\u00e3o descobrindo que existe uma batalha muito maior acontecendo ao seu redor. E chegou a vez deles de lutar. Os Pr\u00edncipes Guerreiros \u00e9 o primeiro volume desta s\u00e9rie \u00e9pica, que d\u00e1 vida \u00e0 luta invis\u00edvel travada no reino espiritual. Xavier, Evan e seus amigos levam uma vida comum, at\u00e9 que s\u00e3o transportados para uma terra misteriosa chamada Aoratos. L\u00e1, conhecem seu guia, Ruwach, que lhes oferece sabedoria e orienta\u00e7\u00e3o em meio aos desafios que os aguardam. Em uma aventura repleta de perigos, armaduras e um inimigo extremamente real, eles aprender\u00e3o que, com as armas certas, a vit\u00f3ria \u00e9 poss\u00edvel.<\/p>\n","protected":false},"excerpt":{"rendered":"<p>Como irm\u00e3os, Xavier e Evan est\u00e3o acostumados a lutar um contra o outro &#8211; mas agora est\u00e3o descobrindo que existe&hellip;<\/p>\n","protected":false},"featured_media":345643,"comment_status":"open","ping_status":"closed","template":"","meta":[],"product_cat":[162,134],"product_tag":[],"_links":{"self":[{"href":"https:\/\/www.livrariarema.com.br\/loja\/wp-json\/wp\/v2\/product\/345644"}],"collection":[{"href":"https:\/\/www.livrariarema.com.br\/loja\/wp-json\/wp\/v2\/product"}],"about":[{"href":"https:\/\/www.livrariarema.com.br\/loja\/wp-json\/wp\/v2\/types\/product"}],"replies":[{"embeddable":true,"href":"https:\/\/www.livrariarema.com.br\/loja\/wp-json\/wp\/v2\/comments?post=345644"}],"wp:featuredmedia":[{"embeddable":true,"href":"https:\/\/www.livrariarema.com.br\/loja\/wp-json\/wp\/v2\/media\/345643"}],"wp:attachment":[{"href":"https:\/\/www.livrariarema.com.br\/loja\/wp-json\/wp\/v2\/media?parent=345644"}],"wp:term":[{"taxonomy":"product_cat","embeddable":true,"href":"https:\/\/www.livrariarema.com.br\/loja\/wp-json\/wp\/v2\/product_cat?post=345644"},{"taxonomy":"product_tag","embeddable":true,"href":"https:\/\/www.livrariarema.com.br\/loja\/wp-json\/wp\/v2\/product_tag?post=345644"}],"curies":[{"name":"wp","href":"https:\/\/api.w.org\/{rel}","templated":true}]}}