{"id":345652,"date":"2026-03-02T10:35:41","date_gmt":"2026-03-02T13:35:41","guid":{"rendered":"https:\/\/www.livrariarema.com.br\/loja\/produtos\/sem categoria\/escatologia-e-esperanca-gil-monteiro-silva\/"},"modified":"2026-03-02T10:35:43","modified_gmt":"2026-03-02T13:35:43","slug":"escatologia-e-esperanca-gil-monteiro-silva","status":"publish","type":"product","link":"https:\/\/www.livrariarema.com.br\/loja\/produtos\/livros\/escatologia\/escatologia-e-esperanca-gil-monteiro-silva\/","title":{"rendered":"Escatologia E Esperan\u00e7a &#8211; Gil Monteiro Silva"},"content":{"rendered":"<p>Uma obra relevante que oferece uma abordagem inovadora da Escatologia, levando o leitor a refletir sobre sua f\u00e9 e seu destino eterno. A primeira parte do livro se concentra em trazer a perspectiva de futuro mais pr\u00f3ximo ao leitor, explorando a escatologia presente. J\u00e1 a segunda parte aborda os grandes temas escatol\u00f3gicos tradicionais. Uma leitura que busca inspirar esperan\u00e7a e expectativa firmada nas promessas b\u00edblicas.<\/p>\n","protected":false},"excerpt":{"rendered":"<p>Uma obra relevante que oferece uma abordagem inovadora da Escatologia, levando o leitor a refletir sobre sua f\u00e9 e seu&hellip;<\/p>\n","protected":false},"featured_media":345651,"comment_status":"open","ping_status":"closed","template":"","meta":[],"product_cat":[208,134],"product_tag":[],"_links":{"self":[{"href":"https:\/\/www.livrariarema.com.br\/loja\/wp-json\/wp\/v2\/product\/345652"}],"collection":[{"href":"https:\/\/www.livrariarema.com.br\/loja\/wp-json\/wp\/v2\/product"}],"about":[{"href":"https:\/\/www.livrariarema.com.br\/loja\/wp-json\/wp\/v2\/types\/product"}],"replies":[{"embeddable":true,"href":"https:\/\/www.livrariarema.com.br\/loja\/wp-json\/wp\/v2\/comments?post=345652"}],"wp:featuredmedia":[{"embeddable":true,"href":"https:\/\/www.livrariarema.com.br\/loja\/wp-json\/wp\/v2\/media\/345651"}],"wp:attachment":[{"href":"https:\/\/www.livrariarema.com.br\/loja\/wp-json\/wp\/v2\/media?parent=345652"}],"wp:term":[{"taxonomy":"product_cat","embeddable":true,"href":"https:\/\/www.livrariarema.com.br\/loja\/wp-json\/wp\/v2\/product_cat?post=345652"},{"taxonomy":"product_tag","embeddable":true,"href":"https:\/\/www.livrariarema.com.br\/loja\/wp-json\/wp\/v2\/product_tag?post=345652"}],"curies":[{"name":"wp","href":"https:\/\/api.w.org\/{rel}","templated":true}]}}