{"id":345654,"date":"2026-03-02T10:35:46","date_gmt":"2026-03-02T13:35:46","guid":{"rendered":"https:\/\/www.livrariarema.com.br\/loja\/produtos\/sem categoria\/guia-infografico-definitivo-da-biblia\/"},"modified":"2026-03-27T09:51:13","modified_gmt":"2026-03-27T12:51:13","slug":"guia-infografico-definitivo-da-biblia","status":"publish","type":"product","link":"https:\/\/www.livrariarema.com.br\/loja\/produtos\/livros\/estudo-biblico\/guia-infografico-definitivo-da-biblia\/","title":{"rendered":"Guia Infogr\u00e1fico Definitivo Da B\u00edblia"},"content":{"rendered":"<p>Tanto para novos convertidos quanto para crentes experientes, O Guia Infogr\u00e1fico Definitivo da B\u00edblia oferece insights hist\u00f3ricos, culturais e contextuais inestim\u00e1veis para que voc\u00ea entenda melhor as Escrituras. Seus gr\u00e1ficos, ilustra\u00e7\u00f5es e linhas do tempo fascinantes enriquecer\u00e3o uma forma visual e r\u00e1pida sua experi\u00eancia de leitura ao:<br \/>\n&#8211; Destacar os eventos, temas e aplica\u00e7\u00f5es-chave encontrados em cada livro da B\u00edblia.<br \/>\n&#8211; Fornecer informa\u00e7\u00f5es sobre a confiabilidade da B\u00edblia, o processo de tradu\u00e7\u00e3o e sua preserva\u00e7\u00e3o.<br \/>\n&#8211; Esclarecer como a for\u00e7a, o poder e o amor de deus s\u00e3o revelados ao longo da narrativa central da B\u00edblia.<\/p>\n","protected":false},"excerpt":{"rendered":"<p>Tanto para novos convertidos quanto para crentes experientes, O Guia Infogr\u00e1fico Definitivo da B\u00edblia oferece insights hist\u00f3ricos, culturais e contextuais&hellip;<\/p>\n","protected":false},"featured_media":345653,"comment_status":"open","ping_status":"closed","template":"","meta":[],"product_cat":[161,134],"product_tag":[],"_links":{"self":[{"href":"https:\/\/www.livrariarema.com.br\/loja\/wp-json\/wp\/v2\/product\/345654"}],"collection":[{"href":"https:\/\/www.livrariarema.com.br\/loja\/wp-json\/wp\/v2\/product"}],"about":[{"href":"https:\/\/www.livrariarema.com.br\/loja\/wp-json\/wp\/v2\/types\/product"}],"replies":[{"embeddable":true,"href":"https:\/\/www.livrariarema.com.br\/loja\/wp-json\/wp\/v2\/comments?post=345654"}],"wp:featuredmedia":[{"embeddable":true,"href":"https:\/\/www.livrariarema.com.br\/loja\/wp-json\/wp\/v2\/media\/345653"}],"wp:attachment":[{"href":"https:\/\/www.livrariarema.com.br\/loja\/wp-json\/wp\/v2\/media?parent=345654"}],"wp:term":[{"taxonomy":"product_cat","embeddable":true,"href":"https:\/\/www.livrariarema.com.br\/loja\/wp-json\/wp\/v2\/product_cat?post=345654"},{"taxonomy":"product_tag","embeddable":true,"href":"https:\/\/www.livrariarema.com.br\/loja\/wp-json\/wp\/v2\/product_tag?post=345654"}],"curies":[{"name":"wp","href":"https:\/\/api.w.org\/{rel}","templated":true}]}}