{"id":345667,"date":"2026-03-02T10:36:42","date_gmt":"2026-03-02T13:36:42","guid":{"rendered":"https:\/\/www.livrariarema.com.br\/loja\/produtos\/sem%20categoria\/john-macarthur-servo-da-palavra-e-do-rebanho-iain-hamish-murray\/"},"modified":"2026-03-04T12:34:36","modified_gmt":"2026-03-04T15:34:36","slug":"john-macarthur-servo-da-palavra-e-do-rebanho-iain-hamish-murray","status":"publish","type":"product","link":"https:\/\/www.livrariarema.com.br\/loja\/produtos\/livros\/biografia\/john-macarthur-servo-da-palavra-e-do-rebanho-iain-hamish-murray\/","title":{"rendered":"John Macarthur: Servo Da Palavra E Do Rebanho &#8211; Iain Hamish Murray"},"content":{"rendered":"<p>&#8220;Quando eu comecei o meu minist\u00e9rio, dediquei-me \u00e0 prega\u00e7\u00e3o expositiva, explicando apenas a B\u00edblia, porque sabia que n\u00e3o houve nada que eu pudesse dizer que seria t\u00e3o importante quanto \u00e0quilo que Deus havia dito. O alvo real do meu minist\u00e9rio sempre tem sido manter as minhas pr\u00f3prias opini\u00f5es fora da prega\u00e7\u00e3o o quanto poss\u00edvel. Jamais quero ser culpado de dar \u00e0s pessoas a ilus\u00e3o de que j\u00e1 ouviram de Deus quando na verdade somente ouviram de mim. Quando entro no p\u00falpito, a expectativa \u00e9 que sou o mensageiro de Deus. Eu falo a favor dEle e n\u00e3o a favor de mim mesmo&#8221; (Dr. John MacArthur).<\/p>\n","protected":false},"excerpt":{"rendered":"<p>&#8220;Quando eu comecei o meu minist\u00e9rio, dediquei-me \u00e0 prega\u00e7\u00e3o expositiva, explicando apenas a B\u00edblia, porque sabia que n\u00e3o houve nada&hellip;<\/p>\n","protected":false},"featured_media":345812,"comment_status":"open","ping_status":"closed","template":"","meta":[],"product_cat":[181,134],"product_tag":[],"_links":{"self":[{"href":"https:\/\/www.livrariarema.com.br\/loja\/wp-json\/wp\/v2\/product\/345667"}],"collection":[{"href":"https:\/\/www.livrariarema.com.br\/loja\/wp-json\/wp\/v2\/product"}],"about":[{"href":"https:\/\/www.livrariarema.com.br\/loja\/wp-json\/wp\/v2\/types\/product"}],"replies":[{"embeddable":true,"href":"https:\/\/www.livrariarema.com.br\/loja\/wp-json\/wp\/v2\/comments?post=345667"}],"wp:featuredmedia":[{"embeddable":true,"href":"https:\/\/www.livrariarema.com.br\/loja\/wp-json\/wp\/v2\/media\/345812"}],"wp:attachment":[{"href":"https:\/\/www.livrariarema.com.br\/loja\/wp-json\/wp\/v2\/media?parent=345667"}],"wp:term":[{"taxonomy":"product_cat","embeddable":true,"href":"https:\/\/www.livrariarema.com.br\/loja\/wp-json\/wp\/v2\/product_cat?post=345667"},{"taxonomy":"product_tag","embeddable":true,"href":"https:\/\/www.livrariarema.com.br\/loja\/wp-json\/wp\/v2\/product_tag?post=345667"}],"curies":[{"name":"wp","href":"https:\/\/api.w.org\/{rel}","templated":true}]}}