{"id":345676,"date":"2026-03-02T13:25:14","date_gmt":"2026-03-02T16:25:14","guid":{"rendered":"https:\/\/www.livrariarema.com.br\/loja\/produtos\/sem categoria\/panorama-da-biblia\/"},"modified":"2026-04-10T10:10:45","modified_gmt":"2026-04-10T13:10:45","slug":"panorama-da-biblia","status":"publish","type":"product","link":"https:\/\/www.livrariarema.com.br\/loja\/produtos\/livros\/estudo-biblico\/panorama-da-biblia\/","title":{"rendered":"Panorama Da B\u00edblia"},"content":{"rendered":"<p>A B\u00edblia tem 66 livros, mais de 1.000 cap\u00edtulos e foi escrita por cerca de 40 autores diferentes. Panorama da B\u00edblia vai ajudar voc\u00ea ter uma no\u00e7\u00e3o de cada livro rapidamente. Com explica\u00e7\u00f5es de 4 a 6 p\u00e1ginas para cada livro, com mapas coloridos, gr\u00e1ficos e linhas de tempo, voc\u00ea ter\u00e1 uma vis\u00e3o clara da B\u00edblia. De imediato, voc\u00ea encontrar\u00e1:<\/p>\n<p>Prop\u00f3sito de cada livro tema e como ele se encaixa com o restante da B\u00edblia<br \/>\nAutor, data, p\u00fablico-alvo e um resumo da hist\u00f3ria da \u00e9poca<br \/>\nVers\u00edculos-chave<br \/>\nEsbo\u00e7o de cada livro para que voc\u00ea encontre hist\u00f3rias importantes mais r\u00e1pido<br \/>\nMapas, linhas do tempo, gr\u00e1ficos e fotos coloridas<br \/>\nDescobertas arqueol\u00f3gicas que trazem esclarecimento acerca da cultura da \u00e9pocav<br \/>\nComo Jesus pode ser visto em cada livro<br \/>\nAplica\u00e7\u00e3o para o povo de Deus hoje<\/p>\n<p>Panorama da B\u00edblia \u00e9 um companheiro excelente para planos de leitura da B\u00edblia, estudos b\u00edblicos individuais ou em grupo, ou utilize-o como um livro de refer\u00eancia pr\u00e1tico sempre que precisar. Voc\u00ea pode tirar c\u00f3pia de algumas p\u00e1ginas e distribuir para grupos de estudo. Com certeza, voc\u00ea utilizar\u00e1 este livro repetidas vezes.<\/p>\n","protected":false},"excerpt":{"rendered":"<p>A B\u00edblia tem 66 livros, mais de 1.000 cap\u00edtulos e foi escrita por cerca de 40 autores diferentes. Panorama da&hellip;<\/p>\n","protected":false},"featured_media":345990,"comment_status":"open","ping_status":"closed","template":"","meta":[],"product_cat":[161,134],"product_tag":[],"_links":{"self":[{"href":"https:\/\/www.livrariarema.com.br\/loja\/wp-json\/wp\/v2\/product\/345676"}],"collection":[{"href":"https:\/\/www.livrariarema.com.br\/loja\/wp-json\/wp\/v2\/product"}],"about":[{"href":"https:\/\/www.livrariarema.com.br\/loja\/wp-json\/wp\/v2\/types\/product"}],"replies":[{"embeddable":true,"href":"https:\/\/www.livrariarema.com.br\/loja\/wp-json\/wp\/v2\/comments?post=345676"}],"wp:featuredmedia":[{"embeddable":true,"href":"https:\/\/www.livrariarema.com.br\/loja\/wp-json\/wp\/v2\/media\/345990"}],"wp:attachment":[{"href":"https:\/\/www.livrariarema.com.br\/loja\/wp-json\/wp\/v2\/media?parent=345676"}],"wp:term":[{"taxonomy":"product_cat","embeddable":true,"href":"https:\/\/www.livrariarema.com.br\/loja\/wp-json\/wp\/v2\/product_cat?post=345676"},{"taxonomy":"product_tag","embeddable":true,"href":"https:\/\/www.livrariarema.com.br\/loja\/wp-json\/wp\/v2\/product_tag?post=345676"}],"curies":[{"name":"wp","href":"https:\/\/api.w.org\/{rel}","templated":true}]}}