{"id":345741,"date":"2026-03-04T11:25:43","date_gmt":"2026-03-04T14:25:43","guid":{"rendered":"https:\/\/www.livrariarema.com.br\/loja\/produtos\/sem categoria\/cronicas-de-narnia-as-edicao-comemorativa-de-75-anos-capa-deluxe-com-jacket-c-s-lewis\/"},"modified":"2026-04-30T11:21:41","modified_gmt":"2026-04-30T14:21:41","slug":"cronicas-de-narnia-as-edicao-comemorativa-de-75-anos-capa-deluxe-com-jacket-c-s-lewis","status":"publish","type":"product","link":"https:\/\/www.livrariarema.com.br\/loja\/produtos\/livros\/ficcao\/cronicas-de-narnia-as-edicao-comemorativa-de-75-anos-capa-deluxe-com-jacket-c-s-lewis\/","title":{"rendered":"Cr\u00f4nicas De N\u00e1rnia, As &#8211; Edi\u00e7\u00e3o Comemorativa De 75 Anos &#8211; Capa Deluxe Com Jacket &#8211; C. S. Lewis"},"content":{"rendered":"<p>Viagens para um mundo m\u00e1gico, criaturas fant\u00e1sticas e batalhas \u00e9picas entre o bem e o mal &#8211; o que mais um leitor de fantasia poderia desejar? O livro que deu in\u00edcio a aventura foi O Le\u00e3o, a Feiticeira e o Guarda-roupa, mas C. S. Lewis n\u00e3o parou por a\u00ed. Outros seis livros seguiram o primeiro, formando As Cr\u00f4nicas de N\u00e1rnia.<\/p>\n","protected":false},"excerpt":{"rendered":"<p>Viagens para um mundo m\u00e1gico, criaturas fant\u00e1sticas e batalhas \u00e9picas entre o bem e o mal &#8211; o que mais&hellip;<\/p>\n","protected":false},"featured_media":347780,"comment_status":"open","ping_status":"closed","template":"","meta":[],"product_cat":[162,134],"product_tag":[],"_links":{"self":[{"href":"https:\/\/www.livrariarema.com.br\/loja\/wp-json\/wp\/v2\/product\/345741"}],"collection":[{"href":"https:\/\/www.livrariarema.com.br\/loja\/wp-json\/wp\/v2\/product"}],"about":[{"href":"https:\/\/www.livrariarema.com.br\/loja\/wp-json\/wp\/v2\/types\/product"}],"replies":[{"embeddable":true,"href":"https:\/\/www.livrariarema.com.br\/loja\/wp-json\/wp\/v2\/comments?post=345741"}],"wp:featuredmedia":[{"embeddable":true,"href":"https:\/\/www.livrariarema.com.br\/loja\/wp-json\/wp\/v2\/media\/347780"}],"wp:attachment":[{"href":"https:\/\/www.livrariarema.com.br\/loja\/wp-json\/wp\/v2\/media?parent=345741"}],"wp:term":[{"taxonomy":"product_cat","embeddable":true,"href":"https:\/\/www.livrariarema.com.br\/loja\/wp-json\/wp\/v2\/product_cat?post=345741"},{"taxonomy":"product_tag","embeddable":true,"href":"https:\/\/www.livrariarema.com.br\/loja\/wp-json\/wp\/v2\/product_tag?post=345741"}],"curies":[{"name":"wp","href":"https:\/\/api.w.org\/{rel}","templated":true}]}}