{"id":345745,"date":"2026-03-04T11:26:04","date_gmt":"2026-03-04T14:26:04","guid":{"rendered":"https:\/\/www.livrariarema.com.br\/loja\/produtos\/sem categoria\/entre-vespas-e-gelato-robin-jones-gunn\/"},"modified":"2026-04-01T15:52:05","modified_gmt":"2026-04-01T18:52:05","slug":"entre-vespas-e-gelato-robin-jones-gunn","status":"publish","type":"product","link":"https:\/\/www.livrariarema.com.br\/loja\/produtos\/livros\/ficcao\/entre-vespas-e-gelato-robin-jones-gunn\/","title":{"rendered":"Entre Vespas E Gelato &#8211; Robin Jones Gunn"},"content":{"rendered":"<p>&#8220;Quem encontra um amigo encontra um tesouro.&#8221;<br \/>\nProv\u00e9rbio italiano<\/p>\n<p>Grace e Claire constru\u00edram uma amizade profunda a partir do amor compartilhado pela leitura. Depois de muitos anos &#8211; e muitos livros que lhes proporcionaram aventuras imagin\u00e1rias &#8211; chega o momento de elas ir al\u00e9m dos sonhos e embarcar em uma experi\u00eancia real.<br \/>\nViajando por Veneza, Floren\u00e7a e Bellagio, as amigas se veem imersas nas magn\u00edficas obras de arte, nos sabores irresist\u00edveis de gelato e no charme das Vespas que circulam pelas ruas italianas. Ao longo do caminho, encontram espa\u00e7o para compartilhar dores que nunca conseguiram expor em casa. Enquanto Grace experimenta uma nova sensa\u00e7\u00e3o de liberdade e confian\u00e7a em quem ela \u00e9, Claire confronta mem\u00f3rias dolorosas da adolesc\u00eancia.<br \/>\nUm jantar especial traz revela\u00e7\u00f5es sobre f\u00e9 e a proximidade de Deus. E, \u00e0s margens do Lago Lugano, as duas percebem que n\u00e3o s\u00e3o apenas turistas, mas peregrinas em uma jornada para se tornarem tudo aquilo que Deus as criou para ser.<\/p>\n","protected":false},"excerpt":{"rendered":"<p>&#8220;Quem encontra um amigo encontra um tesouro.&#8221; Prov\u00e9rbio italiano Grace e Claire constru\u00edram uma amizade profunda a partir do amor&hellip;<\/p>\n","protected":false},"featured_media":345744,"comment_status":"open","ping_status":"closed","template":"","meta":[],"product_cat":[162,134],"product_tag":[],"_links":{"self":[{"href":"https:\/\/www.livrariarema.com.br\/loja\/wp-json\/wp\/v2\/product\/345745"}],"collection":[{"href":"https:\/\/www.livrariarema.com.br\/loja\/wp-json\/wp\/v2\/product"}],"about":[{"href":"https:\/\/www.livrariarema.com.br\/loja\/wp-json\/wp\/v2\/types\/product"}],"replies":[{"embeddable":true,"href":"https:\/\/www.livrariarema.com.br\/loja\/wp-json\/wp\/v2\/comments?post=345745"}],"wp:featuredmedia":[{"embeddable":true,"href":"https:\/\/www.livrariarema.com.br\/loja\/wp-json\/wp\/v2\/media\/345744"}],"wp:attachment":[{"href":"https:\/\/www.livrariarema.com.br\/loja\/wp-json\/wp\/v2\/media?parent=345745"}],"wp:term":[{"taxonomy":"product_cat","embeddable":true,"href":"https:\/\/www.livrariarema.com.br\/loja\/wp-json\/wp\/v2\/product_cat?post=345745"},{"taxonomy":"product_tag","embeddable":true,"href":"https:\/\/www.livrariarema.com.br\/loja\/wp-json\/wp\/v2\/product_tag?post=345745"}],"curies":[{"name":"wp","href":"https:\/\/api.w.org\/{rel}","templated":true}]}}