{"id":345792,"date":"2026-03-04T12:30:40","date_gmt":"2026-03-04T15:30:40","guid":{"rendered":"https:\/\/www.livrariarema.com.br\/loja\/produtos\/sem categoria\/tuco-semicrente-coram-doi\/"},"modified":"2026-03-04T12:30:45","modified_gmt":"2026-03-04T15:30:45","slug":"tuco-semicrente-coram-doi","status":"publish","type":"product","link":"https:\/\/www.livrariarema.com.br\/loja\/produtos\/livros\/manga-hq\/tuco-semicrente-coram-doi\/","title":{"rendered":"Tuco Semicrente &#8211;  Coram Doi"},"content":{"rendered":"<p>Tuco nunca foi exatamente um exemplo de maturidade: vive sustentado pelos pais, \u00e9 um tanto inconsequente e ainda acha que &#8220;j\u00e1 fiz catequese aos 13&#8221; conta como bagagem espiritual. Mas tudo muda quando ele conhece Saramaria, estudante de servi\u00e7o social, filha de pastor e dona de um senso de humor t\u00e3o preciso quanto inesperado.  <br \/>\nO problema? Para impression\u00e1-la, Tuco decide fingir que \u00e9 crente.  <br \/>\nE da\u00ed come\u00e7a o desastre anunciado. <br \/>\nEntre cultos de jovens que coincidem com finais de campeonato, ora\u00e7\u00f5es que ele obviamente n\u00e3o domina e uma avalanche de novos amigos da igreja, Tuco descobre que sustentar um personagem d\u00e1 mais trabalho do que simplesmente colocar Romanos 8 na bio do Insta. <\/p>\n","protected":false},"excerpt":{"rendered":"<p>Tuco nunca foi exatamente um exemplo de maturidade: vive sustentado pelos pais, \u00e9 um tanto inconsequente e ainda acha que&hellip;<\/p>\n","protected":false},"featured_media":345791,"comment_status":"open","ping_status":"closed","template":"","meta":[],"product_cat":[134,189],"product_tag":[],"_links":{"self":[{"href":"https:\/\/www.livrariarema.com.br\/loja\/wp-json\/wp\/v2\/product\/345792"}],"collection":[{"href":"https:\/\/www.livrariarema.com.br\/loja\/wp-json\/wp\/v2\/product"}],"about":[{"href":"https:\/\/www.livrariarema.com.br\/loja\/wp-json\/wp\/v2\/types\/product"}],"replies":[{"embeddable":true,"href":"https:\/\/www.livrariarema.com.br\/loja\/wp-json\/wp\/v2\/comments?post=345792"}],"wp:featuredmedia":[{"embeddable":true,"href":"https:\/\/www.livrariarema.com.br\/loja\/wp-json\/wp\/v2\/media\/345791"}],"wp:attachment":[{"href":"https:\/\/www.livrariarema.com.br\/loja\/wp-json\/wp\/v2\/media?parent=345792"}],"wp:term":[{"taxonomy":"product_cat","embeddable":true,"href":"https:\/\/www.livrariarema.com.br\/loja\/wp-json\/wp\/v2\/product_cat?post=345792"},{"taxonomy":"product_tag","embeddable":true,"href":"https:\/\/www.livrariarema.com.br\/loja\/wp-json\/wp\/v2\/product_tag?post=345792"}],"curies":[{"name":"wp","href":"https:\/\/api.w.org\/{rel}","templated":true}]}}