{"id":345884,"date":"2026-03-07T13:59:49","date_gmt":"2026-03-07T16:59:49","guid":{"rendered":"https:\/\/www.livrariarema.com.br\/loja\/produtos\/sem categoria\/biblia-nvt-slim-vinho\/"},"modified":"2026-03-11T11:31:01","modified_gmt":"2026-03-11T14:31:01","slug":"biblia-nvt-slim-vinho","status":"publish","type":"product","link":"https:\/\/www.livrariarema.com.br\/loja\/produtos\/biblias\/nvt\/biblia-nvt-slim-vinho\/","title":{"rendered":"B\u00edblia &#8211; Nvt &#8211; Slim &#8211; Vinho"},"content":{"rendered":"<p>B\u00edblia, Slim NVT, leitura leve, mapas mentais, palavras de Jesus, notas de rodap\u00e9, compreens\u00e3o b\u00edblica, ensino crist\u00e3o, espiritualidade, textos b\u00edblicos, estudo b\u00edblico, B\u00edblia pr\u00e1tica, B\u00edblia Sagrada, panorama b\u00edblico, leitura simples, recursos b\u00edblicos, ensino do Mestre, ferramentas espirituais, B\u00edblia funcional, enriquecimento espiritual, texto eficaz, estudo leve, aprendizado b\u00edblico, ensinos Jesus, leitura eficaz, B\u00edblia compacta, textos sagrados, jornada espiritual, B\u00edblia personalizada, recursos Slim.<\/p>\n","protected":false},"excerpt":{"rendered":"<p>B\u00edblia, Slim NVT, leitura leve, mapas mentais, palavras de Jesus, notas de rodap\u00e9, compreens\u00e3o b\u00edblica, ensino crist\u00e3o, espiritualidade, textos b\u00edblicos,&hellip;<\/p>\n","protected":false},"featured_media":345883,"comment_status":"open","ping_status":"closed","template":"","meta":[],"product_cat":[139,225],"product_tag":[],"_links":{"self":[{"href":"https:\/\/www.livrariarema.com.br\/loja\/wp-json\/wp\/v2\/product\/345884"}],"collection":[{"href":"https:\/\/www.livrariarema.com.br\/loja\/wp-json\/wp\/v2\/product"}],"about":[{"href":"https:\/\/www.livrariarema.com.br\/loja\/wp-json\/wp\/v2\/types\/product"}],"replies":[{"embeddable":true,"href":"https:\/\/www.livrariarema.com.br\/loja\/wp-json\/wp\/v2\/comments?post=345884"}],"wp:featuredmedia":[{"embeddable":true,"href":"https:\/\/www.livrariarema.com.br\/loja\/wp-json\/wp\/v2\/media\/345883"}],"wp:attachment":[{"href":"https:\/\/www.livrariarema.com.br\/loja\/wp-json\/wp\/v2\/media?parent=345884"}],"wp:term":[{"taxonomy":"product_cat","embeddable":true,"href":"https:\/\/www.livrariarema.com.br\/loja\/wp-json\/wp\/v2\/product_cat?post=345884"},{"taxonomy":"product_tag","embeddable":true,"href":"https:\/\/www.livrariarema.com.br\/loja\/wp-json\/wp\/v2\/product_tag?post=345884"}],"curies":[{"name":"wp","href":"https:\/\/api.w.org\/{rel}","templated":true}]}}