{"id":345937,"date":"2026-03-07T14:07:14","date_gmt":"2026-03-07T17:07:14","guid":{"rendered":"https:\/\/www.livrariarema.com.br\/loja\/produtos\/sem categoria\/paulo-o-pastor-scot-mcknight\/"},"modified":"2026-03-16T11:20:23","modified_gmt":"2026-03-16T14:20:23","slug":"paulo-o-pastor-scot-mcknight","status":"publish","type":"product","link":"https:\/\/www.livrariarema.com.br\/loja\/produtos\/livros\/estudo-biblico\/paulo-o-pastor-scot-mcknight\/","title":{"rendered":"Paulo, O Pastor &#8211; Scot Mcknight"},"content":{"rendered":"<p>SER PASTOR \u00c9 UM CHAMADO COMPLEXO<\/p>\n<p>Pastores s\u00e3o frequentemente puxados em v\u00e1rias dire\u00e7\u00f5es e devem se tornar tudo para com todos (1Cor\u00edntios 9.22). O que o Novo Testamento diz (ou n\u00e3o diz) sobre o chamado pastoral? E o que podemos aprender sobre isso com o ap\u00f3stolo Paulo?<\/p>\n<p>De acordo com o renomado estudioso do Novo Testamento, Scot McKnight, o pastoreio deve come\u00e7ar, antes de tudo, com a forma\u00e7\u00e3o espiritual, que desempenha um papel vital na vida e no minist\u00e9rio pastoral. Como l\u00edderes, pastores tanto criam quanto nutrem uma cultura dentro da igreja. A vis\u00e3o b\u00edblica para essa cultura \u00e9 a &#8220;cristoformidade&#8221; &#8211; ou semelhan\u00e7a com Cristo. <br \/>\nFundamentando a quest\u00e3o na pr\u00e1xis pastoral do ap\u00f3stolo Paulo, McKnight mostra que nutrir a cristoformidade estava no cora\u00e7\u00e3o da miss\u00e3o paulina.<br \/>\n<br \/>\nO chamado central do pastor, portanto, \u00e9 mediar Cristo em tudo. McKnight explora sete temas que ilustram esse conceito -a amizade, a irmandade, a generosidade, a narrativa, o testemunho, a subvers\u00e3o do mundo e a sabedoria &#8211; ao convocar pastores a serem conformados a Cristo e a nutrirem uma cultura de cristoformidade em suas igrejas.<\/p>\n","protected":false},"excerpt":{"rendered":"<p>SER PASTOR \u00c9 UM CHAMADO COMPLEXO Pastores s\u00e3o frequentemente puxados em v\u00e1rias dire\u00e7\u00f5es e devem se tornar tudo para com&hellip;<\/p>\n","protected":false},"featured_media":345936,"comment_status":"open","ping_status":"closed","template":"","meta":[],"product_cat":[161,134],"product_tag":[],"_links":{"self":[{"href":"https:\/\/www.livrariarema.com.br\/loja\/wp-json\/wp\/v2\/product\/345937"}],"collection":[{"href":"https:\/\/www.livrariarema.com.br\/loja\/wp-json\/wp\/v2\/product"}],"about":[{"href":"https:\/\/www.livrariarema.com.br\/loja\/wp-json\/wp\/v2\/types\/product"}],"replies":[{"embeddable":true,"href":"https:\/\/www.livrariarema.com.br\/loja\/wp-json\/wp\/v2\/comments?post=345937"}],"wp:featuredmedia":[{"embeddable":true,"href":"https:\/\/www.livrariarema.com.br\/loja\/wp-json\/wp\/v2\/media\/345936"}],"wp:attachment":[{"href":"https:\/\/www.livrariarema.com.br\/loja\/wp-json\/wp\/v2\/media?parent=345937"}],"wp:term":[{"taxonomy":"product_cat","embeddable":true,"href":"https:\/\/www.livrariarema.com.br\/loja\/wp-json\/wp\/v2\/product_cat?post=345937"},{"taxonomy":"product_tag","embeddable":true,"href":"https:\/\/www.livrariarema.com.br\/loja\/wp-json\/wp\/v2\/product_tag?post=345937"}],"curies":[{"name":"wp","href":"https:\/\/api.w.org\/{rel}","templated":true}]}}