{"id":345980,"date":"2026-03-11T14:44:12","date_gmt":"2026-03-11T17:44:12","guid":{"rendered":"https:\/\/www.livrariarema.com.br\/loja\/produtos\/sem categoria\/horizontes-espirituais-da-crianca-os-cheri-fuller-x\/"},"modified":"2026-03-11T14:44:15","modified_gmt":"2026-03-11T17:44:15","slug":"horizontes-espirituais-da-crianca-os-cheri-fuller-x","status":"publish","type":"product","link":"https:\/\/www.livrariarema.com.br\/loja\/produtos\/livros\/educacao-crista\/horizontes-espirituais-da-crianca-os-cheri-fuller-x\/","title":{"rendered":"Horizontes Espirituais Da Crian\u00e7a, Os &#8211; Cheri Fuller X"},"content":{"rendered":"<p>O maior presente que voc\u00ea pode dar a seus filhos \u00e9 um relacionamento profundo e aut\u00eantico com Deus. <\/p>\n<p>Numa cultura que declarou guerra contra a educa\u00e7\u00e3o sadia de nossos filhos, \u00e9 fundamental dedicar atento cuidado \u00e0 educa\u00e7\u00e3o espiritual das crian\u00e7as. Determinante para o desenvolvimento do car\u00e1ter e da personalidade, essa instru\u00e7\u00e3o \u00e9 vital para conduzir os filhos a um relacionamento maduro com Deus. <\/p>\n<p>&#8220;As crian\u00e7as s\u00e3o naturalmente curiosas em rela\u00e7\u00e3o \u00e0s quest\u00f5es espirituais&#8221;, afirma a autora. Neste livro enriquecedor, ela apresenta 12 horizontes espirituais imprescind\u00edveis para a jornada espiritual da crian\u00e7a: <\/p>\n<p>prazer em Deus &#8211; maravilhamento &#8211; adora\u00e7\u00e3o &#8211; amor por Deus &#8211; B\u00edblia &#8211; ora\u00e7\u00e3o &#8211; compromisso espiritual &#8211; obedi\u00eancia &#8211; igreja &#8211; alegria em ajudar &#8211; dons espirituais &#8211; heran\u00e7a espiritual <\/p>\n<p>Os horizontes espirituais da crian\u00e7a ensina mostra aos pais como instruir os filhos nos caminhos do Senhor, oferecendo a estes a oportunidade de prosseguir nessa jornada at\u00e9 um encontro profundo com Deus. B\u00ean\u00e7\u00e3os e plenitude de vida ser\u00e3o o resultado desse relacionamento incompar\u00e1vel.<\/p>\n<p><b>Sobre o Autor:<\/b><\/p>\n<p><b>Cheri Fuller<\/b> \u00e9 educadora, conferencista, escritora e m\u00e3e de tr\u00eas filhos. Autora do premiado livro When mothers pray, escreve para importantes publica\u00e7\u00f5es americanas, como Focus on the family e Parent Life. Quinzenalmente, publica esses artigos em seu website www.cherifuller.com). Reside com a fam\u00edlia em Oklahoma, EUA.<\/p>\n","protected":false},"excerpt":{"rendered":"<p>O maior presente que voc\u00ea pode dar a seus filhos \u00e9 um relacionamento profundo e aut\u00eantico com Deus. Numa cultura&hellip;<\/p>\n","protected":false},"featured_media":0,"comment_status":"open","ping_status":"closed","template":"","meta":[],"product_cat":[169,134],"product_tag":[],"_links":{"self":[{"href":"https:\/\/www.livrariarema.com.br\/loja\/wp-json\/wp\/v2\/product\/345980"}],"collection":[{"href":"https:\/\/www.livrariarema.com.br\/loja\/wp-json\/wp\/v2\/product"}],"about":[{"href":"https:\/\/www.livrariarema.com.br\/loja\/wp-json\/wp\/v2\/types\/product"}],"replies":[{"embeddable":true,"href":"https:\/\/www.livrariarema.com.br\/loja\/wp-json\/wp\/v2\/comments?post=345980"}],"wp:attachment":[{"href":"https:\/\/www.livrariarema.com.br\/loja\/wp-json\/wp\/v2\/media?parent=345980"}],"wp:term":[{"taxonomy":"product_cat","embeddable":true,"href":"https:\/\/www.livrariarema.com.br\/loja\/wp-json\/wp\/v2\/product_cat?post=345980"},{"taxonomy":"product_tag","embeddable":true,"href":"https:\/\/www.livrariarema.com.br\/loja\/wp-json\/wp\/v2\/product_tag?post=345980"}],"curies":[{"name":"wp","href":"https:\/\/api.w.org\/{rel}","templated":true}]}}