{"id":345999,"date":"2026-03-13T16:11:22","date_gmt":"2026-03-13T19:11:22","guid":{"rendered":"https:\/\/www.livrariarema.com.br\/loja\/produtos\/sem categoria\/a-fe-no-1-estefania-silveira\/"},"modified":"2026-04-27T10:50:18","modified_gmt":"2026-04-27T13:50:18","slug":"a-fe-no-1-estefania-silveira","status":"publish","type":"product","link":"https:\/\/www.livrariarema.com.br\/loja\/produtos\/livros\/biografia\/a-fe-no-1-estefania-silveira\/","title":{"rendered":"A F\u00e9 No 1% &#8211; Estefania Silveira"},"content":{"rendered":"<p>A vida de Estefania Silveira n\u00e3o desmoronou de uma vez.<br \/>\nEla foi ruindo em partes.<\/p>\n<p>Primeiro, a not\u00edcia de que seu filho tinha apenas 1% de chance de viver. Depois, a perda do irm\u00e3o. A fal\u00eancia da empresa. O div\u00f3rcio. E, quando parecia que nada mais poderia ser tirado, uma infec\u00e7\u00e3o generalizada quase interrompeu sua pr\u00f3pria vida.<\/p>\n<p>Era o fim?<\/p>\n<p>A F\u00e9 no 1% nasce no lugar onde muitos desistiriam. Entre UTIs, despedidas inesperadas, pap\u00e9is de div\u00f3rcio e ora\u00e7\u00f5es feitas em l\u00e1grimas, Estefania precisou escolher: sucumbir dor ou confiar quando n\u00e3o restava nada al\u00e9m de Deus.<\/p>\n<p>Esta \u00e9 uma hist\u00f3ria real, intensa e transformadora sobre f\u00e9 quando o milagre n\u00e3o acontece como esperamos, sobre permanecer quando tudo vai embora e sobre descobrir que, mesmo quando resta apenas 1%, Deus ainda escreve vida.<\/p>\n<p>Porque \u00e0s vezes Ele n\u00e3o nos livra do vale.<br \/>\nEle caminha conosco dentro dele.<\/p>\n","protected":false},"excerpt":{"rendered":"<p>A vida de Estefania Silveira n\u00e3o desmoronou de uma vez. Ela foi ruindo em partes. Primeiro, a not\u00edcia de que&hellip;<\/p>\n","protected":false},"featured_media":346002,"comment_status":"open","ping_status":"closed","template":"","meta":[],"product_cat":[181,134],"product_tag":[],"_links":{"self":[{"href":"https:\/\/www.livrariarema.com.br\/loja\/wp-json\/wp\/v2\/product\/345999"}],"collection":[{"href":"https:\/\/www.livrariarema.com.br\/loja\/wp-json\/wp\/v2\/product"}],"about":[{"href":"https:\/\/www.livrariarema.com.br\/loja\/wp-json\/wp\/v2\/types\/product"}],"replies":[{"embeddable":true,"href":"https:\/\/www.livrariarema.com.br\/loja\/wp-json\/wp\/v2\/comments?post=345999"}],"wp:featuredmedia":[{"embeddable":true,"href":"https:\/\/www.livrariarema.com.br\/loja\/wp-json\/wp\/v2\/media\/346002"}],"wp:attachment":[{"href":"https:\/\/www.livrariarema.com.br\/loja\/wp-json\/wp\/v2\/media?parent=345999"}],"wp:term":[{"taxonomy":"product_cat","embeddable":true,"href":"https:\/\/www.livrariarema.com.br\/loja\/wp-json\/wp\/v2\/product_cat?post=345999"},{"taxonomy":"product_tag","embeddable":true,"href":"https:\/\/www.livrariarema.com.br\/loja\/wp-json\/wp\/v2\/product_tag?post=345999"}],"curies":[{"name":"wp","href":"https:\/\/api.w.org\/{rel}","templated":true}]}}