{"id":346016,"date":"2026-03-13T16:15:01","date_gmt":"2026-03-13T19:15:01","guid":{"rendered":"https:\/\/www.livrariarema.com.br\/loja\/produtos\/sem categoria\/marcinelo-e-o-presente-maravilhoso-max-lucado\/"},"modified":"2026-03-20T14:12:27","modified_gmt":"2026-03-20T17:12:27","slug":"marcinelo-e-o-presente-maravilhoso-max-lucado","status":"publish","type":"product","link":"https:\/\/www.livrariarema.com.br\/loja\/produtos\/livros\/infantil\/marcinelo-e-o-presente-maravilhoso-max-lucado\/","title":{"rendered":"Marcinelo E O Presente Maravilhoso &#8211; Max Lucado"},"content":{"rendered":"<p>Com a aproxima\u00e7\u00e3o do Festival do dia do Criador, Marcinelo e toda Xulingol\u00e2ndia querem oferecer algo espetacular para Eli, o carpinteiro. O melhor bolo, o melhor buqu\u00ea de flores e a melhor m\u00fasica. Contudo, Marcinelo acidentalmente destr\u00f3i tudo. E todos descobrem que o amor \u00e9 o presente maravilhoso.<\/p>\n","protected":false},"excerpt":{"rendered":"<p>Com a aproxima\u00e7\u00e3o do Festival do dia do Criador, Marcinelo e toda Xulingol\u00e2ndia querem oferecer algo espetacular para Eli, o&hellip;<\/p>\n","protected":false},"featured_media":346015,"comment_status":"open","ping_status":"closed","template":"","meta":[],"product_cat":[144,134],"product_tag":[],"_links":{"self":[{"href":"https:\/\/www.livrariarema.com.br\/loja\/wp-json\/wp\/v2\/product\/346016"}],"collection":[{"href":"https:\/\/www.livrariarema.com.br\/loja\/wp-json\/wp\/v2\/product"}],"about":[{"href":"https:\/\/www.livrariarema.com.br\/loja\/wp-json\/wp\/v2\/types\/product"}],"replies":[{"embeddable":true,"href":"https:\/\/www.livrariarema.com.br\/loja\/wp-json\/wp\/v2\/comments?post=346016"}],"wp:featuredmedia":[{"embeddable":true,"href":"https:\/\/www.livrariarema.com.br\/loja\/wp-json\/wp\/v2\/media\/346015"}],"wp:attachment":[{"href":"https:\/\/www.livrariarema.com.br\/loja\/wp-json\/wp\/v2\/media?parent=346016"}],"wp:term":[{"taxonomy":"product_cat","embeddable":true,"href":"https:\/\/www.livrariarema.com.br\/loja\/wp-json\/wp\/v2\/product_cat?post=346016"},{"taxonomy":"product_tag","embeddable":true,"href":"https:\/\/www.livrariarema.com.br\/loja\/wp-json\/wp\/v2\/product_tag?post=346016"}],"curies":[{"name":"wp","href":"https:\/\/api.w.org\/{rel}","templated":true}]}}