{"id":346028,"date":"2026-03-13T16:16:07","date_gmt":"2026-03-13T19:16:07","guid":{"rendered":"https:\/\/www.livrariarema.com.br\/loja\/produtos\/sem categoria\/arvore-dentro-da-semente-a-max-lucado\/"},"modified":"2026-03-31T15:31:40","modified_gmt":"2026-03-31T18:31:40","slug":"arvore-dentro-da-semente-a-max-lucado","status":"publish","type":"product","link":"https:\/\/www.livrariarema.com.br\/loja\/produtos\/livros\/infantil\/arvore-dentro-da-semente-a-max-lucado\/","title":{"rendered":"\u00c1rvore Dentro Da Semente, A &#8211; Max Lucado"},"content":{"rendered":"<p>A \u00c1rvore Dentro da Semente<\/p>\n<p>Uma hist\u00f3ria emocionante sobre prop\u00f3sito e autodescoberta!<\/p>\n<p>Neste conto cativante, sementinha luta para acreditar que poderia se tornar algo grandioso. Ao crescer e se transformar em um belo carvalho, descobre que sua exist\u00eancia tem um prop\u00f3sito \u00fanico e especial. Com ilustra\u00e7\u00f5es encantadoras e uma mensagem inspiradora, esta obra ensina que Deus criou cada crian\u00e7a com um prop\u00f3sito singular, esperando apenas que cres\u00e7am e o descubram.<\/p>\n<p>Destaques principais:<br \/>\nHist\u00f3ria inspiradora: Explora temas de identidade, prop\u00f3sito e f\u00e9.<br \/>\nLinguagem acess\u00edvel: Ideal para crian\u00e7as, com uma mensagem que tamb\u00e9m toca os adultos.<br \/>\nIlustra\u00e7\u00f5es encantadoras: Tornam a leitura ainda mais envolvente.<br \/>\nMensagem crist\u00e3: Reflete o amor e os planos de Deus para cada um de n\u00f3s.<\/p>\n","protected":false},"excerpt":{"rendered":"<p>A \u00c1rvore Dentro da Semente Uma hist\u00f3ria emocionante sobre prop\u00f3sito e autodescoberta! Neste conto cativante, sementinha luta para acreditar que&hellip;<\/p>\n","protected":false},"featured_media":346027,"comment_status":"open","ping_status":"closed","template":"","meta":[],"product_cat":[144,134],"product_tag":[],"_links":{"self":[{"href":"https:\/\/www.livrariarema.com.br\/loja\/wp-json\/wp\/v2\/product\/346028"}],"collection":[{"href":"https:\/\/www.livrariarema.com.br\/loja\/wp-json\/wp\/v2\/product"}],"about":[{"href":"https:\/\/www.livrariarema.com.br\/loja\/wp-json\/wp\/v2\/types\/product"}],"replies":[{"embeddable":true,"href":"https:\/\/www.livrariarema.com.br\/loja\/wp-json\/wp\/v2\/comments?post=346028"}],"wp:featuredmedia":[{"embeddable":true,"href":"https:\/\/www.livrariarema.com.br\/loja\/wp-json\/wp\/v2\/media\/346027"}],"wp:attachment":[{"href":"https:\/\/www.livrariarema.com.br\/loja\/wp-json\/wp\/v2\/media?parent=346028"}],"wp:term":[{"taxonomy":"product_cat","embeddable":true,"href":"https:\/\/www.livrariarema.com.br\/loja\/wp-json\/wp\/v2\/product_cat?post=346028"},{"taxonomy":"product_tag","embeddable":true,"href":"https:\/\/www.livrariarema.com.br\/loja\/wp-json\/wp\/v2\/product_tag?post=346028"}],"curies":[{"name":"wp","href":"https:\/\/api.w.org\/{rel}","templated":true}]}}