{"id":346189,"date":"2026-03-13T17:05:42","date_gmt":"2026-03-13T20:05:42","guid":{"rendered":"https:\/\/www.livrariarema.com.br\/loja\/produtos\/sem categoria\/biblia-nova-biblia-viva-letra-extra-grande-criador\/"},"modified":"2026-04-06T11:20:36","modified_gmt":"2026-04-06T14:20:36","slug":"biblia-nova-biblia-viva-letra-extra-grande-criador","status":"publish","type":"product","link":"https:\/\/www.livrariarema.com.br\/loja\/produtos\/biblias\/viva\/biblia-nova-biblia-viva-letra-extra-grande-criador\/","title":{"rendered":"B\u00edblia Nova B\u00edblia Viva &#8211; Letra Extra Grande &#8211; Criador"},"content":{"rendered":"<p>Nova B\u00edblia Viva \u00e9 muito mais do que uma simples tradu\u00e7\u00e3o das Escrituras Sagradas; \u00e9 uma fonte de transforma\u00e7\u00e3o e entendimento acess\u00edvel a todos. Com uma tradi\u00e7\u00e3o de mais de 30 anos, esta obra destaca-se por sua linguagem moderna, f\u00e1cil compreens\u00e3o e fidelidade ao texto original.<\/p>\n","protected":false},"excerpt":{"rendered":"<p>Nova B\u00edblia Viva \u00e9 muito mais do que uma simples tradu\u00e7\u00e3o das Escrituras Sagradas; \u00e9 uma fonte de transforma\u00e7\u00e3o e&hellip;<\/p>\n","protected":false},"featured_media":346381,"comment_status":"open","ping_status":"closed","template":"","meta":[],"product_cat":[139,243],"product_tag":[],"_links":{"self":[{"href":"https:\/\/www.livrariarema.com.br\/loja\/wp-json\/wp\/v2\/product\/346189"}],"collection":[{"href":"https:\/\/www.livrariarema.com.br\/loja\/wp-json\/wp\/v2\/product"}],"about":[{"href":"https:\/\/www.livrariarema.com.br\/loja\/wp-json\/wp\/v2\/types\/product"}],"replies":[{"embeddable":true,"href":"https:\/\/www.livrariarema.com.br\/loja\/wp-json\/wp\/v2\/comments?post=346189"}],"wp:featuredmedia":[{"embeddable":true,"href":"https:\/\/www.livrariarema.com.br\/loja\/wp-json\/wp\/v2\/media\/346381"}],"wp:attachment":[{"href":"https:\/\/www.livrariarema.com.br\/loja\/wp-json\/wp\/v2\/media?parent=346189"}],"wp:term":[{"taxonomy":"product_cat","embeddable":true,"href":"https:\/\/www.livrariarema.com.br\/loja\/wp-json\/wp\/v2\/product_cat?post=346189"},{"taxonomy":"product_tag","embeddable":true,"href":"https:\/\/www.livrariarema.com.br\/loja\/wp-json\/wp\/v2\/product_tag?post=346189"}],"curies":[{"name":"wp","href":"https:\/\/api.w.org\/{rel}","templated":true}]}}