{"id":346214,"date":"2026-03-13T17:08:43","date_gmt":"2026-03-13T20:08:43","guid":{"rendered":"https:\/\/www.livrariarema.com.br\/loja\/produtos\/sem categoria\/biblia-de-estudo-hagnos-notas-comentarios-e-recursos-de-harold-willmington-preta\/"},"modified":"2026-03-20T10:34:18","modified_gmt":"2026-03-20T13:34:18","slug":"biblia-de-estudo-hagnos-notas-comentarios-e-recursos-de-harold-willmington-preta","status":"publish","type":"product","link":"https:\/\/www.livrariarema.com.br\/loja\/produtos\/biblias\/estudo-feminina\/biblia-de-estudo-hagnos-notas-comentarios-e-recursos-de-harold-willmington-preta\/","title":{"rendered":"B\u00edblia De Estudo Hagnos &#8211; Notas, Coment\u00e1rios E Recursos De Harold Willmington &#8211; Preta"},"content":{"rendered":"<p>A Palavra de Deus com profundidade e clareza.<\/p>\n<p>A B\u00edblia de Estudo Hagnos \u00e9 uma ferramenta de pesquisa integrada e completa. Desenvolvida para atender tanto estudiosos experientes quanto novos leitores da Palavra, esta edi\u00e7\u00e3o especial combina o texto b\u00edblico com coment\u00e1rios eruditos e aplica\u00e7\u00f5es pr\u00e1ticas em um formato acess\u00edvel e envolvente.<\/p>\n<p>Recursos que transformam sua leitura b\u00edblica:<\/p>\n<p>&#8211; Introdu\u00e7\u00f5es abrangentes para cada livro da B\u00edblia apresentam o pano de fundo hist\u00f3rico, autoria, data, prop\u00f3sito e caracter\u00edsticas especiais, fornecendo o contexto essencial para uma compreens\u00e3o mais profunda do texto sagrado.<br \/>\n&#8211; Coment\u00e1rios exeg\u00e9ticos detalhados acompanham o texto b\u00edblico, oferecendo explica\u00e7\u00f5es vers\u00edculo a vers\u00edculo que iluminam o significado original e sua relev\u00e2ncia contempor\u00e2nea, permitindo uma interpreta\u00e7\u00e3o fiel e aplic\u00e1vel.<br \/>\n&#8211; Esbo\u00e7os estruturados organizam o conte\u00fado de cada livro em divis\u00f5es principais e subdivis\u00f5es, facilitando a visualiza\u00e7\u00e3o da estrutura liter\u00e1ria e o acompanhamento do desenvolvimento das narrativas e ensinamentos.<br \/>\n&#8211; Conex\u00f5es intertextuais revelam as rela\u00e7\u00f5es entre diferentes livros da B\u00edblia, destacando paralelos entre o Antigo e o Novo Testamento e aprofundando a compreens\u00e3o da unidade da revela\u00e7\u00e3o divina.<br \/>\n&#8211; Recursos visuais e did\u00e1ticos como cronologias, quadros explicativos e destaques tem\u00e1ticos transformam conceitos complexos em informa\u00e7\u00f5es acess\u00edveis, enriquecendo o estudo com elementos visuais que facilitam a memoriza\u00e7\u00e3o e o aprendizado.<\/p>\n","protected":false},"excerpt":{"rendered":"<p>A Palavra de Deus com profundidade e clareza. A B\u00edblia de Estudo Hagnos \u00e9 uma ferramenta de pesquisa integrada e&hellip;<\/p>\n","protected":false},"featured_media":346385,"comment_status":"open","ping_status":"closed","template":"","meta":[],"product_cat":[139,175],"product_tag":[],"_links":{"self":[{"href":"https:\/\/www.livrariarema.com.br\/loja\/wp-json\/wp\/v2\/product\/346214"}],"collection":[{"href":"https:\/\/www.livrariarema.com.br\/loja\/wp-json\/wp\/v2\/product"}],"about":[{"href":"https:\/\/www.livrariarema.com.br\/loja\/wp-json\/wp\/v2\/types\/product"}],"replies":[{"embeddable":true,"href":"https:\/\/www.livrariarema.com.br\/loja\/wp-json\/wp\/v2\/comments?post=346214"}],"wp:featuredmedia":[{"embeddable":true,"href":"https:\/\/www.livrariarema.com.br\/loja\/wp-json\/wp\/v2\/media\/346385"}],"wp:attachment":[{"href":"https:\/\/www.livrariarema.com.br\/loja\/wp-json\/wp\/v2\/media?parent=346214"}],"wp:term":[{"taxonomy":"product_cat","embeddable":true,"href":"https:\/\/www.livrariarema.com.br\/loja\/wp-json\/wp\/v2\/product_cat?post=346214"},{"taxonomy":"product_tag","embeddable":true,"href":"https:\/\/www.livrariarema.com.br\/loja\/wp-json\/wp\/v2\/product_tag?post=346214"}],"curies":[{"name":"wp","href":"https:\/\/api.w.org\/{rel}","templated":true}]}}