{"id":346501,"date":"2026-03-24T11:02:54","date_gmt":"2026-03-24T14:02:54","guid":{"rendered":"https:\/\/www.livrariarema.com.br\/loja\/produtos\/sem categoria\/fotografias-de-miguel-eraldo-miranda\/"},"modified":"2026-03-24T11:02:57","modified_gmt":"2026-03-24T14:02:57","slug":"fotografias-de-miguel-eraldo-miranda","status":"publish","type":"product","link":"https:\/\/www.livrariarema.com.br\/loja\/produtos\/livros\/infantil\/fotografias-de-miguel-eraldo-miranda\/","title":{"rendered":"Fotografias De Miguel &#8211; Eraldo Miranda"},"content":{"rendered":"<p>Algu\u00e9m conhece uma m\u00e1quina fotogr\u00e1fica? Sabe para que serve? J\u00e1 teve uma? Miguel sabia o que era uma m\u00e1quina fotogr\u00e1fica, pois tinha uma que j\u00e1 estava bem velha&#8230;Sabia que um dia ela iria pifar, e ele precisava fazer alguma coisa para guardar suas mem\u00f3rias.<\/p>\n","protected":false},"excerpt":{"rendered":"<p>Algu\u00e9m conhece uma m\u00e1quina fotogr\u00e1fica? Sabe para que serve? J\u00e1 teve uma? Miguel sabia o que era uma m\u00e1quina fotogr\u00e1fica,&hellip;<\/p>\n","protected":false},"featured_media":346500,"comment_status":"open","ping_status":"closed","template":"","meta":[],"product_cat":[144,134],"product_tag":[],"_links":{"self":[{"href":"https:\/\/www.livrariarema.com.br\/loja\/wp-json\/wp\/v2\/product\/346501"}],"collection":[{"href":"https:\/\/www.livrariarema.com.br\/loja\/wp-json\/wp\/v2\/product"}],"about":[{"href":"https:\/\/www.livrariarema.com.br\/loja\/wp-json\/wp\/v2\/types\/product"}],"replies":[{"embeddable":true,"href":"https:\/\/www.livrariarema.com.br\/loja\/wp-json\/wp\/v2\/comments?post=346501"}],"wp:featuredmedia":[{"embeddable":true,"href":"https:\/\/www.livrariarema.com.br\/loja\/wp-json\/wp\/v2\/media\/346500"}],"wp:attachment":[{"href":"https:\/\/www.livrariarema.com.br\/loja\/wp-json\/wp\/v2\/media?parent=346501"}],"wp:term":[{"taxonomy":"product_cat","embeddable":true,"href":"https:\/\/www.livrariarema.com.br\/loja\/wp-json\/wp\/v2\/product_cat?post=346501"},{"taxonomy":"product_tag","embeddable":true,"href":"https:\/\/www.livrariarema.com.br\/loja\/wp-json\/wp\/v2\/product_tag?post=346501"}],"curies":[{"name":"wp","href":"https:\/\/api.w.org\/{rel}","templated":true}]}}