{"id":346506,"date":"2026-03-24T11:03:25","date_gmt":"2026-03-24T14:03:25","guid":{"rendered":"https:\/\/www.livrariarema.com.br\/loja\/produtos\/sem categoria\/historias-emocionantes-perigoso-este-livro-contem-coelhos-tim-warnes\/"},"modified":"2026-03-30T16:56:05","modified_gmt":"2026-03-30T19:56:05","slug":"historias-emocionantes-perigoso-este-livro-contem-coelhos-tim-warnes","status":"publish","type":"product","link":"https:\/\/www.livrariarema.com.br\/loja\/produtos\/livros\/infantil\/historias-emocionantes-perigoso-este-livro-contem-coelhos-tim-warnes\/","title":{"rendered":"Hist\u00f3rias Emocionantes &#8211; Perigoso! Este Livro Cont\u00e9m Coelhos! &#8211; Tim Warnes"},"content":{"rendered":"<p>O melhor amigo do Bob,uma coisa escamosa,encontrou um chap\u00e9u.Havia uma etiqueta nele que dizia:PERIGO! N\u00c3O TOQUE! Tire isso! gritou Bob. Pode ser perigoso!Ent\u00e3o, de dentro da cartola saltou um coelho.E depois outro! E outro!Mas os coelhos n\u00e3o s\u00e3o perigosos. S\u00e3o?Uma hist\u00f3ria hil\u00e1ria sobre amizade.E r\u00f3tulos&#8230;<\/p>\n","protected":false},"excerpt":{"rendered":"<p>O melhor amigo do Bob,uma coisa escamosa,encontrou um chap\u00e9u.Havia uma etiqueta nele que dizia:PERIGO! N\u00c3O TOQUE! Tire isso! gritou Bob.&hellip;<\/p>\n","protected":false},"featured_media":346505,"comment_status":"open","ping_status":"closed","template":"","meta":[],"product_cat":[144,134],"product_tag":[],"_links":{"self":[{"href":"https:\/\/www.livrariarema.com.br\/loja\/wp-json\/wp\/v2\/product\/346506"}],"collection":[{"href":"https:\/\/www.livrariarema.com.br\/loja\/wp-json\/wp\/v2\/product"}],"about":[{"href":"https:\/\/www.livrariarema.com.br\/loja\/wp-json\/wp\/v2\/types\/product"}],"replies":[{"embeddable":true,"href":"https:\/\/www.livrariarema.com.br\/loja\/wp-json\/wp\/v2\/comments?post=346506"}],"wp:featuredmedia":[{"embeddable":true,"href":"https:\/\/www.livrariarema.com.br\/loja\/wp-json\/wp\/v2\/media\/346505"}],"wp:attachment":[{"href":"https:\/\/www.livrariarema.com.br\/loja\/wp-json\/wp\/v2\/media?parent=346506"}],"wp:term":[{"taxonomy":"product_cat","embeddable":true,"href":"https:\/\/www.livrariarema.com.br\/loja\/wp-json\/wp\/v2\/product_cat?post=346506"},{"taxonomy":"product_tag","embeddable":true,"href":"https:\/\/www.livrariarema.com.br\/loja\/wp-json\/wp\/v2\/product_tag?post=346506"}],"curies":[{"name":"wp","href":"https:\/\/api.w.org\/{rel}","templated":true}]}}