{"id":346549,"date":"2026-03-24T11:12:34","date_gmt":"2026-03-24T14:12:34","guid":{"rendered":"https:\/\/www.livrariarema.com.br\/loja\/produtos\/sem categoria\/aprenda-com-a-biblia-brincando-com-os-numeros-mais-de-100-atividades\/"},"modified":"2026-03-31T10:03:55","modified_gmt":"2026-03-31T13:03:55","slug":"aprenda-com-a-biblia-brincando-com-os-numeros-mais-de-100-atividades","status":"publish","type":"product","link":"https:\/\/www.livrariarema.com.br\/loja\/produtos\/livros\/infantil\/aprenda-com-a-biblia-brincando-com-os-numeros-mais-de-100-atividades\/","title":{"rendered":"Aprenda Com A B\u00edblia &#8211; Brincando Com Os N\u00fameros &#8211; Mais De 100 Atividades"},"content":{"rendered":"<p>Deus criou o mundo em 6 dias. Os animais entraram na arca de No\u00e9 de 2 em 2. Jesus alimentou 5.000 pessoas com 5 p\u00e3es e 2 peixes. A B\u00edblia tem muitos n\u00fameros interessantes! Este livro de atividades combina a divers\u00e3o e o aprendizado dos n\u00fameros com hist\u00f3rias conhecidas da B\u00edblia. Leia cada uma delas e complete as atividades nos momentos de divers\u00e3o.Seja para aprender, brincar e relaxar, ou durante um passeio ou uma viagem, as crian\u00e7as v\u00e3o amar as vibrantes ilustra\u00e7\u00f5es, os contos atemporais e as atividades interativas deste livro divertido!<\/p>\n","protected":false},"excerpt":{"rendered":"<p>Deus criou o mundo em 6 dias. Os animais entraram na arca de No\u00e9 de 2 em 2. Jesus alimentou&hellip;<\/p>\n","protected":false},"featured_media":346548,"comment_status":"open","ping_status":"closed","template":"","meta":[],"product_cat":[144,134],"product_tag":[],"_links":{"self":[{"href":"https:\/\/www.livrariarema.com.br\/loja\/wp-json\/wp\/v2\/product\/346549"}],"collection":[{"href":"https:\/\/www.livrariarema.com.br\/loja\/wp-json\/wp\/v2\/product"}],"about":[{"href":"https:\/\/www.livrariarema.com.br\/loja\/wp-json\/wp\/v2\/types\/product"}],"replies":[{"embeddable":true,"href":"https:\/\/www.livrariarema.com.br\/loja\/wp-json\/wp\/v2\/comments?post=346549"}],"wp:featuredmedia":[{"embeddable":true,"href":"https:\/\/www.livrariarema.com.br\/loja\/wp-json\/wp\/v2\/media\/346548"}],"wp:attachment":[{"href":"https:\/\/www.livrariarema.com.br\/loja\/wp-json\/wp\/v2\/media?parent=346549"}],"wp:term":[{"taxonomy":"product_cat","embeddable":true,"href":"https:\/\/www.livrariarema.com.br\/loja\/wp-json\/wp\/v2\/product_cat?post=346549"},{"taxonomy":"product_tag","embeddable":true,"href":"https:\/\/www.livrariarema.com.br\/loja\/wp-json\/wp\/v2\/product_tag?post=346549"}],"curies":[{"name":"wp","href":"https:\/\/api.w.org\/{rel}","templated":true}]}}