{"id":346551,"date":"2026-03-24T11:12:42","date_gmt":"2026-03-24T14:12:42","guid":{"rendered":"https:\/\/www.livrariarema.com.br\/loja\/produtos\/sem categoria\/almofadado-deus-me-ama-biblia-para-criancas-com-alca\/"},"modified":"2026-03-24T11:12:45","modified_gmt":"2026-03-24T14:12:45","slug":"almofadado-deus-me-ama-biblia-para-criancas-com-alca","status":"publish","type":"product","link":"https:\/\/www.livrariarema.com.br\/loja\/produtos\/livros\/infantil\/almofadado-deus-me-ama-biblia-para-criancas-com-alca\/","title":{"rendered":"Almofadado &#8211; Deus Me Ama! &#8211; B\u00edblia Para Crian\u00e7as &#8211; Com Al\u00e7a"},"content":{"rendered":"<p>Sabia que \u00e9 poss\u00edvel sentir o amor de Deus por voc\u00ea em cada hist\u00f3ria b\u00edblica? As hist\u00f3rias deste livro, desde a Cria\u00e7\u00e3o do mundo at\u00e9 a Ascens\u00e3o de Jesus, foram,cuidadosamente, escolhidas e ilustradas, e s\u00e3o cheias de carinho e ensinamentos. Descubra qu\u00e3o preciosos somos para Deus e o quanto ele nos ama!<\/p>\n","protected":false},"excerpt":{"rendered":"<p>Sabia que \u00e9 poss\u00edvel sentir o amor de Deus por voc\u00ea em cada hist\u00f3ria b\u00edblica? As hist\u00f3rias deste livro, desde&hellip;<\/p>\n","protected":false},"featured_media":346550,"comment_status":"open","ping_status":"closed","template":"","meta":[],"product_cat":[144,134],"product_tag":[],"_links":{"self":[{"href":"https:\/\/www.livrariarema.com.br\/loja\/wp-json\/wp\/v2\/product\/346551"}],"collection":[{"href":"https:\/\/www.livrariarema.com.br\/loja\/wp-json\/wp\/v2\/product"}],"about":[{"href":"https:\/\/www.livrariarema.com.br\/loja\/wp-json\/wp\/v2\/types\/product"}],"replies":[{"embeddable":true,"href":"https:\/\/www.livrariarema.com.br\/loja\/wp-json\/wp\/v2\/comments?post=346551"}],"wp:featuredmedia":[{"embeddable":true,"href":"https:\/\/www.livrariarema.com.br\/loja\/wp-json\/wp\/v2\/media\/346550"}],"wp:attachment":[{"href":"https:\/\/www.livrariarema.com.br\/loja\/wp-json\/wp\/v2\/media?parent=346551"}],"wp:term":[{"taxonomy":"product_cat","embeddable":true,"href":"https:\/\/www.livrariarema.com.br\/loja\/wp-json\/wp\/v2\/product_cat?post=346551"},{"taxonomy":"product_tag","embeddable":true,"href":"https:\/\/www.livrariarema.com.br\/loja\/wp-json\/wp\/v2\/product_tag?post=346551"}],"curies":[{"name":"wp","href":"https:\/\/api.w.org\/{rel}","templated":true}]}}