{"id":346553,"date":"2026-03-24T11:12:48","date_gmt":"2026-03-24T14:12:48","guid":{"rendered":"https:\/\/www.livrariarema.com.br\/loja\/produtos\/sem categoria\/biblia-do-bebe-lindas-historias-biblicas-com-alca\/"},"modified":"2026-03-27T09:20:44","modified_gmt":"2026-03-27T12:20:44","slug":"biblia-do-bebe-lindas-historias-biblicas-com-alca","status":"publish","type":"product","link":"https:\/\/www.livrariarema.com.br\/loja\/produtos\/livros\/infantil\/biblia-do-bebe-lindas-historias-biblicas-com-alca\/","title":{"rendered":"B\u00edblia Do Beb\u00ea &#8211; Lindas Hist\u00f3rias B\u00edblicas &#8211; Com Al\u00e7a"},"content":{"rendered":"<p>Hora da hist\u00f3ria b\u00edblica!Esta pequena B\u00edblia traz lindas hist\u00f3rias recontadas especialmente para beb\u00eas. Com ilustra\u00e7\u00f5es muito coloridas, textos simples e uma al\u00e7a que permite seu transporte para qualquer lugar, este pequeno livro vai deixar os pequenos ainda mais perto de Deus!<\/p>\n","protected":false},"excerpt":{"rendered":"<p>Hora da hist\u00f3ria b\u00edblica!Esta pequena B\u00edblia traz lindas hist\u00f3rias recontadas especialmente para beb\u00eas. Com ilustra\u00e7\u00f5es muito coloridas, textos simples e&hellip;<\/p>\n","protected":false},"featured_media":346552,"comment_status":"open","ping_status":"closed","template":"","meta":[],"product_cat":[144,134],"product_tag":[],"_links":{"self":[{"href":"https:\/\/www.livrariarema.com.br\/loja\/wp-json\/wp\/v2\/product\/346553"}],"collection":[{"href":"https:\/\/www.livrariarema.com.br\/loja\/wp-json\/wp\/v2\/product"}],"about":[{"href":"https:\/\/www.livrariarema.com.br\/loja\/wp-json\/wp\/v2\/types\/product"}],"replies":[{"embeddable":true,"href":"https:\/\/www.livrariarema.com.br\/loja\/wp-json\/wp\/v2\/comments?post=346553"}],"wp:featuredmedia":[{"embeddable":true,"href":"https:\/\/www.livrariarema.com.br\/loja\/wp-json\/wp\/v2\/media\/346552"}],"wp:attachment":[{"href":"https:\/\/www.livrariarema.com.br\/loja\/wp-json\/wp\/v2\/media?parent=346553"}],"wp:term":[{"taxonomy":"product_cat","embeddable":true,"href":"https:\/\/www.livrariarema.com.br\/loja\/wp-json\/wp\/v2\/product_cat?post=346553"},{"taxonomy":"product_tag","embeddable":true,"href":"https:\/\/www.livrariarema.com.br\/loja\/wp-json\/wp\/v2\/product_tag?post=346553"}],"curies":[{"name":"wp","href":"https:\/\/api.w.org\/{rel}","templated":true}]}}