{"id":346587,"date":"2026-03-24T11:15:49","date_gmt":"2026-03-24T14:15:49","guid":{"rendered":"https:\/\/www.livrariarema.com.br\/loja\/produtos\/sem categoria\/embananado-marilia-pirillo\/"},"modified":"2026-03-24T11:15:53","modified_gmt":"2026-03-24T14:15:53","slug":"embananado-marilia-pirillo","status":"publish","type":"product","link":"https:\/\/www.livrariarema.com.br\/loja\/produtos\/livros\/infantil\/embananado-marilia-pirillo\/","title":{"rendered":"Embananado &#8211; Marilia Pirillo"},"content":{"rendered":"<p>Banana picada, banana amassada, frita, cozida ou mesmo assada. Ser\u00e1 que isso n\u00e3o vai dar uma embananada? Uma divertida hist\u00f3ria sobre a hora do lanche, escrita e ilustrada por Marilia Pirillo.<\/p>\n","protected":false},"excerpt":{"rendered":"<p>Banana picada, banana amassada, frita, cozida ou mesmo assada. Ser\u00e1 que isso n\u00e3o vai dar uma embananada? Uma divertida hist\u00f3ria&hellip;<\/p>\n","protected":false},"featured_media":346586,"comment_status":"open","ping_status":"closed","template":"","meta":[],"product_cat":[144,134],"product_tag":[],"_links":{"self":[{"href":"https:\/\/www.livrariarema.com.br\/loja\/wp-json\/wp\/v2\/product\/346587"}],"collection":[{"href":"https:\/\/www.livrariarema.com.br\/loja\/wp-json\/wp\/v2\/product"}],"about":[{"href":"https:\/\/www.livrariarema.com.br\/loja\/wp-json\/wp\/v2\/types\/product"}],"replies":[{"embeddable":true,"href":"https:\/\/www.livrariarema.com.br\/loja\/wp-json\/wp\/v2\/comments?post=346587"}],"wp:featuredmedia":[{"embeddable":true,"href":"https:\/\/www.livrariarema.com.br\/loja\/wp-json\/wp\/v2\/media\/346586"}],"wp:attachment":[{"href":"https:\/\/www.livrariarema.com.br\/loja\/wp-json\/wp\/v2\/media?parent=346587"}],"wp:term":[{"taxonomy":"product_cat","embeddable":true,"href":"https:\/\/www.livrariarema.com.br\/loja\/wp-json\/wp\/v2\/product_cat?post=346587"},{"taxonomy":"product_tag","embeddable":true,"href":"https:\/\/www.livrariarema.com.br\/loja\/wp-json\/wp\/v2\/product_tag?post=346587"}],"curies":[{"name":"wp","href":"https:\/\/api.w.org\/{rel}","templated":true}]}}