{"id":346688,"date":"2026-03-24T12:05:11","date_gmt":"2026-03-24T15:05:11","guid":{"rendered":"https:\/\/www.livrariarema.com.br\/loja\/produtos\/sem categoria\/historias-emocionantes-a-lagarta-comilona-sheridan-cain\/"},"modified":"2026-03-25T14:16:05","modified_gmt":"2026-03-25T17:16:05","slug":"historias-emocionantes-a-lagarta-comilona-sheridan-cain","status":"publish","type":"product","link":"https:\/\/www.livrariarema.com.br\/loja\/produtos\/livros\/infantil\/historias-emocionantes-a-lagarta-comilona-sheridan-cain\/","title":{"rendered":"Hist\u00f3rias Emocionantes &#8211; A Lagarta Comilona &#8211; Sheridan Cain"},"content":{"rendered":"<p>A lagarta quer muito voar. Mas tudo o que ela faz \u00e9 comer e mastigar as folhas de um arbusto de amora. At\u00e9 que a borboleta chega com um sorriso misterioso, pois sabe de algo que a lagarta n\u00e3o sabe! Qual ser\u00e1 o segredo?<\/p>\n","protected":false},"excerpt":{"rendered":"<p>A lagarta quer muito voar. Mas tudo o que ela faz \u00e9 comer e mastigar as folhas de um arbusto&hellip;<\/p>\n","protected":false},"featured_media":346687,"comment_status":"open","ping_status":"closed","template":"","meta":[],"product_cat":[144,134],"product_tag":[],"_links":{"self":[{"href":"https:\/\/www.livrariarema.com.br\/loja\/wp-json\/wp\/v2\/product\/346688"}],"collection":[{"href":"https:\/\/www.livrariarema.com.br\/loja\/wp-json\/wp\/v2\/product"}],"about":[{"href":"https:\/\/www.livrariarema.com.br\/loja\/wp-json\/wp\/v2\/types\/product"}],"replies":[{"embeddable":true,"href":"https:\/\/www.livrariarema.com.br\/loja\/wp-json\/wp\/v2\/comments?post=346688"}],"wp:featuredmedia":[{"embeddable":true,"href":"https:\/\/www.livrariarema.com.br\/loja\/wp-json\/wp\/v2\/media\/346687"}],"wp:attachment":[{"href":"https:\/\/www.livrariarema.com.br\/loja\/wp-json\/wp\/v2\/media?parent=346688"}],"wp:term":[{"taxonomy":"product_cat","embeddable":true,"href":"https:\/\/www.livrariarema.com.br\/loja\/wp-json\/wp\/v2\/product_cat?post=346688"},{"taxonomy":"product_tag","embeddable":true,"href":"https:\/\/www.livrariarema.com.br\/loja\/wp-json\/wp\/v2\/product_tag?post=346688"}],"curies":[{"name":"wp","href":"https:\/\/api.w.org\/{rel}","templated":true}]}}