{"id":346849,"date":"2026-04-06T12:12:45","date_gmt":"2026-04-06T15:12:45","guid":{"rendered":"https:\/\/www.livrariarema.com.br\/loja\/produtos\/sem categoria\/bloco-planner-semanal-rema-275x20cm-rute-pois-pela-graca\/"},"modified":"2026-04-28T10:21:56","modified_gmt":"2026-04-28T13:21:56","slug":"bloco-planner-semanal-rema-275x20cm-rute-pois-pela-graca","status":"publish","type":"product","link":"https:\/\/www.livrariarema.com.br\/loja\/produtos\/papelaria-crista\/agenda-planner\/bloco-planner-semanal-rema-275x20cm-rute-pois-pela-graca\/","title":{"rendered":"Bloco Planner Semanal &#8211; Rema &#8211; 27,5X20cm &#8211; Rute &#8211; Pois Pela Gra\u00e7a"},"content":{"rendered":"<p>O bloco Planner Semanal da Cole\u00e7\u00e3o Rute, foi cuidadosamente desenhado para auxiliar no planejamento e organiza\u00e7\u00e3o da sua semana, com um design de muita beleza e delicadeza. <br \/>\nCada produto da cole\u00e7\u00e3o Rute foi pensado detalhadamente para tornar seu dia mais leve, produtivo e cheio de significado.<\/p>\n<p>Mais do que itens de papelaria, s\u00e3o ferramentas para te ajudar a acalmar<br \/>\na alma, ouvir a voz de Deus e viver com inten\u00e7\u00e3o.<\/p>\n","protected":false},"excerpt":{"rendered":"<p>Brochura, aprox. 50fls.<\/p>\n","protected":false},"featured_media":346848,"comment_status":"open","ping_status":"closed","template":"","meta":[],"product_cat":[324,322],"product_tag":[],"_links":{"self":[{"href":"https:\/\/www.livrariarema.com.br\/loja\/wp-json\/wp\/v2\/product\/346849"}],"collection":[{"href":"https:\/\/www.livrariarema.com.br\/loja\/wp-json\/wp\/v2\/product"}],"about":[{"href":"https:\/\/www.livrariarema.com.br\/loja\/wp-json\/wp\/v2\/types\/product"}],"replies":[{"embeddable":true,"href":"https:\/\/www.livrariarema.com.br\/loja\/wp-json\/wp\/v2\/comments?post=346849"}],"wp:featuredmedia":[{"embeddable":true,"href":"https:\/\/www.livrariarema.com.br\/loja\/wp-json\/wp\/v2\/media\/346848"}],"wp:attachment":[{"href":"https:\/\/www.livrariarema.com.br\/loja\/wp-json\/wp\/v2\/media?parent=346849"}],"wp:term":[{"taxonomy":"product_cat","embeddable":true,"href":"https:\/\/www.livrariarema.com.br\/loja\/wp-json\/wp\/v2\/product_cat?post=346849"},{"taxonomy":"product_tag","embeddable":true,"href":"https:\/\/www.livrariarema.com.br\/loja\/wp-json\/wp\/v2\/product_tag?post=346849"}],"curies":[{"name":"wp","href":"https:\/\/api.w.org\/{rel}","templated":true}]}}