{"id":346853,"date":"2026-04-06T12:13:05","date_gmt":"2026-04-06T15:13:05","guid":{"rendered":"https:\/\/www.livrariarema.com.br\/loja\/produtos\/sem categoria\/pedras-preciosas-christian-chen\/"},"modified":"2026-04-06T12:13:10","modified_gmt":"2026-04-06T15:13:10","slug":"pedras-preciosas-christian-chen","status":"publish","type":"product","link":"https:\/\/www.livrariarema.com.br\/loja\/produtos\/livros\/espiritualidade\/pedras-preciosas-christian-chen\/","title":{"rendered":"Pedras Preciosas &#8211; Christian Chen"},"content":{"rendered":"<p>Carv\u00e3o e diamante revelam o sublime mist\u00e9rio, paciente e cuidadosamente realizado em n\u00f3s pelas h\u00e1beis m\u00e3os do nosso Amado Art\u00edfice. Escondido no interior da terra por anos a fio, submetido a press\u00f5es descomunais e temperaturas alt\u00edssimas, um desprez\u00edvel peda\u00e7o de carv\u00e3o \u00e9 transformado na mais bela e mais forte de todas as pedras preciosas: o diamante.<\/p>\n<p>Neste livro, o autor mostra na Palavra de Deus, como o Senhor opera em nossa vida para transformar-nos de Pedro, uma simples pedra, em Jaspe um glorioso diamante. Pela sua miseric\u00f3rdia, ao nos fazer passar por press\u00f5es, pela \u00e1gua e pelo fogo somos transformados &#8220;de gl\u00f3ria em gl\u00f3ria&#8221; em pedras vivas as quais s\u00e3o por Ele mesmo edificadas em Sua amada companheira. Em Seu grande amor, o nosso Pai nos toma opacos e disformes e carinhosamente opera para que Seu Filho seja formado em n\u00f3s e Sua beleza seja, finalmente, manifestada em plenitude.<\/p>\n","protected":false},"excerpt":{"rendered":"<p>Carv\u00e3o e diamante revelam o sublime mist\u00e9rio, paciente e cuidadosamente realizado em n\u00f3s pelas h\u00e1beis m\u00e3os do nosso Amado Art\u00edfice.&hellip;<\/p>\n","protected":false},"featured_media":346852,"comment_status":"open","ping_status":"closed","template":"","meta":[],"product_cat":[160,134],"product_tag":[],"_links":{"self":[{"href":"https:\/\/www.livrariarema.com.br\/loja\/wp-json\/wp\/v2\/product\/346853"}],"collection":[{"href":"https:\/\/www.livrariarema.com.br\/loja\/wp-json\/wp\/v2\/product"}],"about":[{"href":"https:\/\/www.livrariarema.com.br\/loja\/wp-json\/wp\/v2\/types\/product"}],"replies":[{"embeddable":true,"href":"https:\/\/www.livrariarema.com.br\/loja\/wp-json\/wp\/v2\/comments?post=346853"}],"wp:featuredmedia":[{"embeddable":true,"href":"https:\/\/www.livrariarema.com.br\/loja\/wp-json\/wp\/v2\/media\/346852"}],"wp:attachment":[{"href":"https:\/\/www.livrariarema.com.br\/loja\/wp-json\/wp\/v2\/media?parent=346853"}],"wp:term":[{"taxonomy":"product_cat","embeddable":true,"href":"https:\/\/www.livrariarema.com.br\/loja\/wp-json\/wp\/v2\/product_cat?post=346853"},{"taxonomy":"product_tag","embeddable":true,"href":"https:\/\/www.livrariarema.com.br\/loja\/wp-json\/wp\/v2\/product_tag?post=346853"}],"curies":[{"name":"wp","href":"https:\/\/api.w.org\/{rel}","templated":true}]}}