{"id":346883,"date":"2026-04-06T12:17:12","date_gmt":"2026-04-06T15:17:12","guid":{"rendered":"https:\/\/www.livrariarema.com.br\/loja\/produtos\/sem categoria\/abas-indice-biblico-ester\/"},"modified":"2026-04-27T15:20:47","modified_gmt":"2026-04-27T18:20:47","slug":"abas-indice-biblico-ester","status":"publish","type":"product","link":"https:\/\/www.livrariarema.com.br\/loja\/produtos\/papelaria\/adesivos-stickers\/abas-indice-biblico-ester\/","title":{"rendered":"Abas &#8211; \u00cdndice B\u00edblico &#8211; Ester"},"content":{"rendered":"<p>Abas adesivas para decorar a sua b\u00edblia &#8211; cole\u00e7\u00e3o Ester<\/p>\n<p>Decore a sua b\u00edblia com essas lindas abas, que servir\u00e3o como \u00edndice para voc\u00ea localizar com mais facilidade os livros da b\u00edblia.<\/p>\n<p>Cada produto da cole\u00e7\u00e3o Ester foi pensado detalhadamente para tornar seu dia mais leve, produtivo e cheio de significado.<\/p>\n<p>Mais do que itens de papelaria, s\u00e3o ferramentas para te ajudar a acalmar<br \/>\na alma, ouvir a voz de Deus e viver com inten\u00e7\u00e3o.<\/p>\n","protected":false},"excerpt":{"rendered":"<p>Abas adesivas para decorar a sua b\u00edblia &#8211; cole\u00e7\u00e3o Ester Decore a sua b\u00edblia com essas lindas abas, que servir\u00e3o&hellip;<\/p>\n","protected":false},"featured_media":346882,"comment_status":"open","ping_status":"closed","template":"","meta":[],"product_cat":[291,215],"product_tag":[],"_links":{"self":[{"href":"https:\/\/www.livrariarema.com.br\/loja\/wp-json\/wp\/v2\/product\/346883"}],"collection":[{"href":"https:\/\/www.livrariarema.com.br\/loja\/wp-json\/wp\/v2\/product"}],"about":[{"href":"https:\/\/www.livrariarema.com.br\/loja\/wp-json\/wp\/v2\/types\/product"}],"replies":[{"embeddable":true,"href":"https:\/\/www.livrariarema.com.br\/loja\/wp-json\/wp\/v2\/comments?post=346883"}],"wp:featuredmedia":[{"embeddable":true,"href":"https:\/\/www.livrariarema.com.br\/loja\/wp-json\/wp\/v2\/media\/346882"}],"wp:attachment":[{"href":"https:\/\/www.livrariarema.com.br\/loja\/wp-json\/wp\/v2\/media?parent=346883"}],"wp:term":[{"taxonomy":"product_cat","embeddable":true,"href":"https:\/\/www.livrariarema.com.br\/loja\/wp-json\/wp\/v2\/product_cat?post=346883"},{"taxonomy":"product_tag","embeddable":true,"href":"https:\/\/www.livrariarema.com.br\/loja\/wp-json\/wp\/v2\/product_tag?post=346883"}],"curies":[{"name":"wp","href":"https:\/\/api.w.org\/{rel}","templated":true}]}}