{"id":346914,"date":"2026-04-07T16:15:54","date_gmt":"2026-04-07T19:15:54","guid":{"rendered":"https:\/\/www.livrariarema.com.br\/loja\/produtos\/sem categoria\/ecobag-35-x-40-arca-de-noe\/"},"modified":"2026-04-07T16:15:59","modified_gmt":"2026-04-07T19:15:59","slug":"ecobag-35-x-40-arca-de-noe","status":"publish","type":"product","link":"https:\/\/www.livrariarema.com.br\/loja\/produtos\/papelaria-crista\/ecobag-papelaria-crista\/ecobag-35-x-40-arca-de-noe\/","title":{"rendered":"Ecobag &#8211; 35 X 40 &#8211; Arca De No\u00e9"},"content":{"rendered":"<p>Ecobag de algod\u00e3o 35x40cm + Al\u00e7a<\/p>\n","protected":false},"excerpt":{"rendered":"<p>Ecobag de algod\u00e3o 35x40cm + Al\u00e7a<\/p>\n","protected":false},"featured_media":346913,"comment_status":"open","ping_status":"closed","template":"","meta":[],"product_cat":[331,322],"product_tag":[],"_links":{"self":[{"href":"https:\/\/www.livrariarema.com.br\/loja\/wp-json\/wp\/v2\/product\/346914"}],"collection":[{"href":"https:\/\/www.livrariarema.com.br\/loja\/wp-json\/wp\/v2\/product"}],"about":[{"href":"https:\/\/www.livrariarema.com.br\/loja\/wp-json\/wp\/v2\/types\/product"}],"replies":[{"embeddable":true,"href":"https:\/\/www.livrariarema.com.br\/loja\/wp-json\/wp\/v2\/comments?post=346914"}],"wp:featuredmedia":[{"embeddable":true,"href":"https:\/\/www.livrariarema.com.br\/loja\/wp-json\/wp\/v2\/media\/346913"}],"wp:attachment":[{"href":"https:\/\/www.livrariarema.com.br\/loja\/wp-json\/wp\/v2\/media?parent=346914"}],"wp:term":[{"taxonomy":"product_cat","embeddable":true,"href":"https:\/\/www.livrariarema.com.br\/loja\/wp-json\/wp\/v2\/product_cat?post=346914"},{"taxonomy":"product_tag","embeddable":true,"href":"https:\/\/www.livrariarema.com.br\/loja\/wp-json\/wp\/v2\/product_tag?post=346914"}],"curies":[{"name":"wp","href":"https:\/\/api.w.org\/{rel}","templated":true}]}}