{"id":346916,"date":"2026-04-07T16:16:02","date_gmt":"2026-04-07T19:16:02","guid":{"rendered":"https:\/\/www.livrariarema.com.br\/loja\/produtos\/sem categoria\/ecobag-25-x-30-olhai-os-lirios-do-campo\/"},"modified":"2026-04-18T11:50:47","modified_gmt":"2026-04-18T14:50:47","slug":"ecobag-25-x-30-olhai-os-lirios-do-campo","status":"publish","type":"product","link":"https:\/\/www.livrariarema.com.br\/loja\/produtos\/papelaria-crista\/ecobag-papelaria-crista\/ecobag-25-x-30-olhai-os-lirios-do-campo\/","title":{"rendered":"Ecobag &#8211; 25 X 30 &#8211; Olhai Os L\u00edrios Do Campo"},"content":{"rendered":"<p>Ecobag de algod\u00e3o 25x30cm + Al\u00e7a<\/p>\n","protected":false},"excerpt":{"rendered":"<p>Ecobag de algod\u00e3o 25x30cm + Al\u00e7a<\/p>\n","protected":false},"featured_media":346915,"comment_status":"open","ping_status":"closed","template":"","meta":[],"product_cat":[331,322],"product_tag":[],"_links":{"self":[{"href":"https:\/\/www.livrariarema.com.br\/loja\/wp-json\/wp\/v2\/product\/346916"}],"collection":[{"href":"https:\/\/www.livrariarema.com.br\/loja\/wp-json\/wp\/v2\/product"}],"about":[{"href":"https:\/\/www.livrariarema.com.br\/loja\/wp-json\/wp\/v2\/types\/product"}],"replies":[{"embeddable":true,"href":"https:\/\/www.livrariarema.com.br\/loja\/wp-json\/wp\/v2\/comments?post=346916"}],"wp:featuredmedia":[{"embeddable":true,"href":"https:\/\/www.livrariarema.com.br\/loja\/wp-json\/wp\/v2\/media\/346915"}],"wp:attachment":[{"href":"https:\/\/www.livrariarema.com.br\/loja\/wp-json\/wp\/v2\/media?parent=346916"}],"wp:term":[{"taxonomy":"product_cat","embeddable":true,"href":"https:\/\/www.livrariarema.com.br\/loja\/wp-json\/wp\/v2\/product_cat?post=346916"},{"taxonomy":"product_tag","embeddable":true,"href":"https:\/\/www.livrariarema.com.br\/loja\/wp-json\/wp\/v2\/product_tag?post=346916"}],"curies":[{"name":"wp","href":"https:\/\/api.w.org\/{rel}","templated":true}]}}