{"id":346921,"date":"2026-04-07T16:29:16","date_gmt":"2026-04-07T19:29:16","guid":{"rendered":"https:\/\/www.livrariarema.com.br\/loja\/produtos\/sem categoria\/saquinho-de-algodao-25-x-30-rute\/"},"modified":"2026-04-20T13:32:21","modified_gmt":"2026-04-20T16:32:21","slug":"saquinho-de-algodao-25-x-30-rute","status":"publish","type":"product","link":"https:\/\/www.livrariarema.com.br\/loja\/produtos\/papelaria-crista\/ecobag-papelaria-crista\/saquinho-de-algodao-25-x-30-rute\/","title":{"rendered":"Saquinho De Algod\u00e3o &#8211; 25 X 30 &#8211; Rute"},"content":{"rendered":"<p>Saquinho de algod\u00e3o com cord\u00e3o para fechar &#8211; 25x30cm<\/p>\n","protected":false},"excerpt":{"rendered":"<p>Saquinho de algod\u00e3o com cord\u00e3o para fechar &#8211; 25x30cm<\/p>\n","protected":false},"featured_media":347043,"comment_status":"open","ping_status":"closed","template":"","meta":[],"product_cat":[331,322],"product_tag":[],"_links":{"self":[{"href":"https:\/\/www.livrariarema.com.br\/loja\/wp-json\/wp\/v2\/product\/346921"}],"collection":[{"href":"https:\/\/www.livrariarema.com.br\/loja\/wp-json\/wp\/v2\/product"}],"about":[{"href":"https:\/\/www.livrariarema.com.br\/loja\/wp-json\/wp\/v2\/types\/product"}],"replies":[{"embeddable":true,"href":"https:\/\/www.livrariarema.com.br\/loja\/wp-json\/wp\/v2\/comments?post=346921"}],"wp:featuredmedia":[{"embeddable":true,"href":"https:\/\/www.livrariarema.com.br\/loja\/wp-json\/wp\/v2\/media\/347043"}],"wp:attachment":[{"href":"https:\/\/www.livrariarema.com.br\/loja\/wp-json\/wp\/v2\/media?parent=346921"}],"wp:term":[{"taxonomy":"product_cat","embeddable":true,"href":"https:\/\/www.livrariarema.com.br\/loja\/wp-json\/wp\/v2\/product_cat?post=346921"},{"taxonomy":"product_tag","embeddable":true,"href":"https:\/\/www.livrariarema.com.br\/loja\/wp-json\/wp\/v2\/product_tag?post=346921"}],"curies":[{"name":"wp","href":"https:\/\/api.w.org\/{rel}","templated":true}]}}