{"id":347017,"date":"2026-04-15T08:47:44","date_gmt":"2026-04-15T11:47:44","guid":{"rendered":"https:\/\/www.livrariarema.com.br\/loja\/produtos\/sem categoria\/dono-e-outro-o-marcos-passig\/"},"modified":"2026-04-29T16:00:33","modified_gmt":"2026-04-29T19:00:33","slug":"dono-e-outro-o-marcos-passig","status":"publish","type":"product","link":"https:\/\/www.livrariarema.com.br\/loja\/produtos\/livros\/admin-financas\/dono-e-outro-o-marcos-passig\/","title":{"rendered":"Dono \u00c9 Outro, O &#8211; Marcos Passig"},"content":{"rendered":"<p>O Dono \u00e9 Outro <\/p>\n<p>Falar sobre dinheiro n\u00e3o precisa ser um tabu &#8211; especialmente \u00e0 luz da f\u00e9 crist\u00e3. A B\u00edblia trata desse tema com clareza, sabedoria e profundidade. Jesus falou frequentemente sobre dinheiro porque sabia: a forma como lidamos com os recursos revela aquilo que realmente governa o nosso cora\u00e7\u00e3o.<\/p>\n<p>Mais do que n\u00fameros, nossas finan\u00e7as exp\u00f5em prioridades, cren\u00e7as, f\u00e9 e prop\u00f3sito.<\/p>\n<p>Este livro nasce de uma convic\u00e7\u00e3o simples, mas profundamente transformadora: o Dono \u00e9 outro. E quando essa verdade \u00e9 compreendida, tudo muda &#8211; a maneira como ganhamos, gastamos, poupamos, investimos e compartilhamos.<\/p>\n<p>Em O Dono \u00e9 Outro, Marcos Passig prop\u00f5e uma jornada que une f\u00e9 e finan\u00e7as de forma pr\u00e1tica e b\u00edblica. A obra come\u00e7a pelos fundamentos essenciais &#8211; identidade, prop\u00f3sito e a compreens\u00e3o de que somos administradores, n\u00e3o donos &#8211; e avan\u00e7a para temas do cotidiano como estilo de vida, d\u00edvidas, planejamento, generosidade e investimentos.<\/p>\n<p>Para tornar esse caminho aplic\u00e1vel, o autor apresenta o m\u00e9todo APPI (Analisar, Planejar, Poupar e Investir), que integra sabedoria pr\u00e1tica com princ\u00edpios das Escrituras, ajudando o leitor a tomar decis\u00f5es conscientes e viver com liberdade e prop\u00f3sito.<\/p>\n<p>Mais do que um livro de educa\u00e7\u00e3o financeira, esta \u00e9 uma jornada de transforma\u00e7\u00e3o do cora\u00e7\u00e3o. Ao longo dos cap\u00edtulos, o leitor \u00e9 convidado a refletir, recome\u00e7ar e alinhar sua vida \u00e0quilo que realmente permanece.<\/p>\n<p>E, ao final, a obra aponta para o destino maior de toda caminhada: o \u00fanico investimento verdadeiramente seguro &#8211; a f\u00e9 em Jesus Cristo.<\/p>\n<p>Se voc\u00ea deseja viver com mais paz, consci\u00eancia e prop\u00f3sito eterno, este livro \u00e9 um convite para colocar sua vida &#8211; e suas finan\u00e7as &#8211; nas m\u00e3os do verdadeiro Dono.<\/p>\n","protected":false},"excerpt":{"rendered":"<p>O Dono \u00e9 Outro Falar sobre dinheiro n\u00e3o precisa ser um tabu &#8211; especialmente \u00e0 luz da f\u00e9 crist\u00e3. A&hellip;<\/p>\n","protected":false},"featured_media":347035,"comment_status":"open","ping_status":"closed","template":"","meta":[],"product_cat":[179,134],"product_tag":[],"_links":{"self":[{"href":"https:\/\/www.livrariarema.com.br\/loja\/wp-json\/wp\/v2\/product\/347017"}],"collection":[{"href":"https:\/\/www.livrariarema.com.br\/loja\/wp-json\/wp\/v2\/product"}],"about":[{"href":"https:\/\/www.livrariarema.com.br\/loja\/wp-json\/wp\/v2\/types\/product"}],"replies":[{"embeddable":true,"href":"https:\/\/www.livrariarema.com.br\/loja\/wp-json\/wp\/v2\/comments?post=347017"}],"wp:featuredmedia":[{"embeddable":true,"href":"https:\/\/www.livrariarema.com.br\/loja\/wp-json\/wp\/v2\/media\/347035"}],"wp:attachment":[{"href":"https:\/\/www.livrariarema.com.br\/loja\/wp-json\/wp\/v2\/media?parent=347017"}],"wp:term":[{"taxonomy":"product_cat","embeddable":true,"href":"https:\/\/www.livrariarema.com.br\/loja\/wp-json\/wp\/v2\/product_cat?post=347017"},{"taxonomy":"product_tag","embeddable":true,"href":"https:\/\/www.livrariarema.com.br\/loja\/wp-json\/wp\/v2\/product_tag?post=347017"}],"curies":[{"name":"wp","href":"https:\/\/api.w.org\/{rel}","templated":true}]}}