{"id":347100,"date":"2026-04-24T10:33:33","date_gmt":"2026-04-24T13:33:33","guid":{"rendered":"https:\/\/www.livrariarema.com.br\/loja\/produtos\/sem categoria\/biblia-infografica-a-karen-sawrey\/"},"modified":"2026-04-30T11:21:03","modified_gmt":"2026-04-30T14:21:03","slug":"biblia-infografica-a-karen-sawrey","status":"publish","type":"product","link":"https:\/\/www.livrariarema.com.br\/loja\/produtos\/livros\/estudo-biblico\/biblia-infografica-a-karen-sawrey\/","title":{"rendered":"B\u00edblia Infogr\u00e1fica, A &#8211; Karen Sawrey"},"content":{"rendered":"<p>Entenda as Escrituras como nunca antes!<\/p>\n<p>A B\u00edblia Infogr\u00e1fica \u00e9 uma obra inovadora que utiliza ferramentas visuais para tornar acess\u00edveis e compreens\u00edveis temas profundos e complexos das Escrituras. Atrav\u00e9s de recursos gr\u00e1ficos intuitivos, o leitor \u00e9 guiado desde o sistema sacrificial do Antigo Testamento at\u00e9 o Pentecostes e as jornadas de Paulo.<\/p>\n<p>Com mais de 80 temas, organizados em oito est\u00e1gios da revela\u00e7\u00e3o divina e integrados pela teologia b\u00edblica, este livro transforma a forma como nos relacionamos com a Palavra, oferecendo n\u00e3o apenas conhecimento, mas uma verdadeira experi\u00eancia de aprendizado e crescimento espiritual.<\/p>\n<p>Cuidadosamente pensada para proporcionar uma experi\u00eancia \u00fanica aos entusiastas da Palavra de Deus, A B\u00edblia Infogr\u00e1fica possui acabamento impec\u00e1vel &#8211; com capa dura revestida em tecido e miolo costurado -, unindo sofistica\u00e7\u00e3o e durabilidade. Al\u00e9m disso, o conte\u00fado b\u00edblico \u00e9 apresentado de maneira envolvente, permitindo que cada detalhe da grande Hist\u00f3ria da Reden\u00e7\u00e3o seja vivida de forma visual e profunda. Ideal para aqueles que buscam n\u00e3o apenas ler, mas compreender e apreciar a B\u00edblia de uma maneira inovadora e cativante.<\/p>\n","protected":false},"excerpt":{"rendered":"<p>Entenda as Escrituras como nunca antes! A B\u00edblia Infogr\u00e1fica \u00e9 uma obra inovadora que utiliza ferramentas visuais para tornar acess\u00edveis&hellip;<\/p>\n","protected":false},"featured_media":347747,"comment_status":"open","ping_status":"closed","template":"","meta":[],"product_cat":[161,134],"product_tag":[],"_links":{"self":[{"href":"https:\/\/www.livrariarema.com.br\/loja\/wp-json\/wp\/v2\/product\/347100"}],"collection":[{"href":"https:\/\/www.livrariarema.com.br\/loja\/wp-json\/wp\/v2\/product"}],"about":[{"href":"https:\/\/www.livrariarema.com.br\/loja\/wp-json\/wp\/v2\/types\/product"}],"replies":[{"embeddable":true,"href":"https:\/\/www.livrariarema.com.br\/loja\/wp-json\/wp\/v2\/comments?post=347100"}],"wp:featuredmedia":[{"embeddable":true,"href":"https:\/\/www.livrariarema.com.br\/loja\/wp-json\/wp\/v2\/media\/347747"}],"wp:attachment":[{"href":"https:\/\/www.livrariarema.com.br\/loja\/wp-json\/wp\/v2\/media?parent=347100"}],"wp:term":[{"taxonomy":"product_cat","embeddable":true,"href":"https:\/\/www.livrariarema.com.br\/loja\/wp-json\/wp\/v2\/product_cat?post=347100"},{"taxonomy":"product_tag","embeddable":true,"href":"https:\/\/www.livrariarema.com.br\/loja\/wp-json\/wp\/v2\/product_tag?post=347100"}],"curies":[{"name":"wp","href":"https:\/\/api.w.org\/{rel}","templated":true}]}}