{"id":347103,"date":"2026-04-24T10:33:52","date_gmt":"2026-04-24T13:33:52","guid":{"rendered":"https:\/\/www.livrariarema.com.br\/loja\/produtos\/sem%20categoria\/vamos-construir-os-templos-da-biblia-andre-daniel-reinke\/"},"modified":"2026-04-30T11:20:43","modified_gmt":"2026-04-30T14:20:43","slug":"vamos-construir-os-templos-da-biblia-andre-daniel-reinke","status":"publish","type":"product","link":"https:\/\/www.livrariarema.com.br\/loja\/produtos\/livros\/estudo-biblico\/vamos-construir-os-templos-da-biblia-andre-daniel-reinke\/","title":{"rendered":"Vamos Construir Os Templos Da B\u00edblia? &#8211; Andr\u00e9 Daniel Reinke"},"content":{"rendered":"<p>Neste livro, voc\u00ea encontrar\u00e1 um guia para o fascinante universo da B\u00edblia e da Antiguidade, que o levar\u00e1 a conhecer os s\u00edmbolos e ideias antigas sobre o que significava um &#8220;templo&#8221;.<\/p>\n<p>A hist\u00f3ria da salva\u00e7\u00e3o \u00e9 narrada a partir da rela\u00e7\u00e3o do ser humano com o sagrado &#8211; uma trajet\u00f3ria que come\u00e7a no Jardim do \u00c9den e culmina nos novos c\u00e9us e nova terra, quando viveremos para sempre com o verdadeiro templo de Deus: Jesus de Nazar\u00e9.<\/p>\n<p>Com os materiais que o acompanham, esta obra torna-se uma ferramenta \u00fanica para pais, educadores crist\u00e3os e para todos que apreciam unir reflex\u00e3o intelectual e atividade pr\u00e1tica.<\/p>\n","protected":false},"excerpt":{"rendered":"<p>Neste livro, voc\u00ea encontrar\u00e1 um guia para o fascinante universo da B\u00edblia e da Antiguidade, que o levar\u00e1 a conhecer&hellip;<\/p>\n","protected":false},"featured_media":347750,"comment_status":"open","ping_status":"closed","template":"","meta":[],"product_cat":[161,134],"product_tag":[],"_links":{"self":[{"href":"https:\/\/www.livrariarema.com.br\/loja\/wp-json\/wp\/v2\/product\/347103"}],"collection":[{"href":"https:\/\/www.livrariarema.com.br\/loja\/wp-json\/wp\/v2\/product"}],"about":[{"href":"https:\/\/www.livrariarema.com.br\/loja\/wp-json\/wp\/v2\/types\/product"}],"replies":[{"embeddable":true,"href":"https:\/\/www.livrariarema.com.br\/loja\/wp-json\/wp\/v2\/comments?post=347103"}],"wp:featuredmedia":[{"embeddable":true,"href":"https:\/\/www.livrariarema.com.br\/loja\/wp-json\/wp\/v2\/media\/347750"}],"wp:attachment":[{"href":"https:\/\/www.livrariarema.com.br\/loja\/wp-json\/wp\/v2\/media?parent=347103"}],"wp:term":[{"taxonomy":"product_cat","embeddable":true,"href":"https:\/\/www.livrariarema.com.br\/loja\/wp-json\/wp\/v2\/product_cat?post=347103"},{"taxonomy":"product_tag","embeddable":true,"href":"https:\/\/www.livrariarema.com.br\/loja\/wp-json\/wp\/v2\/product_tag?post=347103"}],"curies":[{"name":"wp","href":"https:\/\/api.w.org\/{rel}","templated":true}]}}